{"id":1092,"date":"2022-06-16T21:08:04","date_gmt":"2022-06-16T21:08:04","guid":{"rendered":"https:\/\/www.dmt.agency\/?post_type=product&#038;p=1092"},"modified":"2022-08-17T12:51:21","modified_gmt":"2022-08-17T12:51:21","slug":"the-blue-llama-secret-message","status":"publish","type":"product","link":"https:\/\/www.dmt.agency\/es\/producto\/the-blue-llama-secret-message\/","title":{"rendered":"The Blue Llama Secret Message &#8211; Mockumentary Film 100% Made in Cuenca"},"content":{"rendered":"<div class=\"project-information-tabs\">\n<div class=\"tab-section\">\n<div class=\"tabs\">\n<div class=\"tab active clearfix\" data-tab=\"overview\">\n<div class=\"project-details press-kit HACK-removeParagraphMargin\">\n<p>&nbsp;<\/p>\n<\/div>\n<p>Trailer:<\/p>\n<div class=\"ast-oembed-container\" style=\"height: 100%;\"><iframe loading=\"lazy\" title=\"Trailer - The Blue Llama Secret Message - Documentary Film\" width=\"500\" height=\"281\" src=\"https:\/\/www.youtube.com\/embed\/rKCo_dQQKm0?feature=oembed\" frameborder=\"0\" allow=\"accelerometer; autoplay; clipboard-write; encrypted-media; gyroscope; picture-in-picture\" allowfullscreen><\/iframe><\/div>\n<\/div>\n<\/div>\n<\/div>\n<\/div>\n<div class=\"press-kit\">\n<div class=\"clearfix\"><\/div>\n<div>\n<h2 id=\"sinopsis-spanish\">Sinopsis (Spanish)<\/h2>\n<p>En noviembre de 2020, en medio de una pandemia mundial, un grupo de 8 jubilados norteamericanos decide seguir a un gu\u00eda tur\u00edstico ecuatoriano llamado Patricio Tipactocta hasta el Parque Nacional El Cajas en la b\u00fasqueda de una misteriosa monta\u00f1a llamada la Verruga del Diablo. En ese viaje, cada uno tendr\u00e1 una experiencia distinta que le cambiar\u00e1 la vida.<\/p>\n<p>Esta obra est\u00e1 debidamente registrada ante el <strong>SENADI Certificado N\u00b0 CUE-004397.<\/strong><\/p>\n<h2>Awards and Nominations<\/h2>\n<h3>IndieX Film Festival \u2013 Los Angeles California US \u2013 May 2022<\/h3>\n<ul>\n<li>Best Ensemble Cast<\/li>\n<li>First Time Director Outstanding Achievement<\/li>\n<\/ul>\n<figure class=\"wp-block-embed is-type-link is-provider-indiex-film-fest wp-block-embed-indiex-film-fest\">\n<div class=\"wp-block-embed__wrapper\"><a href=\"https:\/\/indiexfest.com\/technical-categories-nominations-of-march-2022\/?fbclid=IwAR3cWEWTd0NIRAULq9_pOstRqMiZacDGiiLk_9GtEa9d33bSssVfjdNPyvU\" rel=\"nofollow\">https:\/\/indiexfest.com\/technical-categories-nominations-of-march-2022\/?fbclid=IwAR3cWEWTd0NIRAULq9_pOstRqMiZacDGiiLk_9GtEa9d33bSssVfjdNPyvU<\/a><\/div>\n<\/figure>\n<ul>\n<li>Best Mockumentary<\/li>\n<\/ul>\n<figure class=\"wp-block-embed is-type-link is-provider-indiex-film-fest wp-block-embed-indiex-film-fest\">\n<div class=\"wp-block-embed__wrapper\"><a href=\"https:\/\/indiexfest.com\/award-winners-march-2022\/\" rel=\"nofollow\">https:\/\/indiexfest.com\/award-winners-march-2022\/<\/a><\/div><figcaption><a href=\"https:\/\/indiexfest.com\/2022\/04\/05\/the-blue-llama-secret-message-mid\/\" rel=\"nofollow\">https:\/\/indiexfest.com\/2022\/04\/05\/the-blue-llama-secret-message-mid\/<\/a><\/figcaption><\/figure>\n<p>&nbsp;<\/p>\n<h3>Couch Film Festival 2022<\/h3>\n<ul>\n<li>Nominee for Best Cast and Best Writer Couch Film Festival 2022<\/li>\n<\/ul>\n<p><a href=\"http:\/\/www.couchfilmfestival.com\/\" rel=\"nofollow\">http:\/\/www.couchfilmfestival.com\/<\/a><\/p>\n<p>&nbsp;<\/p>\n<h3>Cine Pobre Film Festival<\/h3>\n<p>Best Self Funded Film 2022 The Blue Llama Secret Message<\/p>\n<\/div>\n<p>&nbsp;<\/p>\n<\/div>","protected":false},"excerpt":{"rendered":"<p>The Blue Llama Secret Message\u00bb is a mockumentary film written, directed and edited by Daniel Osorio and produced by Adriana Varela (Astrolabio Producciones) in the city of Cuenca-Ecuador. It was recorded mostly the year 2020, edited and post-produced in 2021 as an independent film project. It is copyrighted under the SENADI Certificado N\u00b0 CUE-004397.<\/p>\n<h3>Storyline<\/h3>\n<p>In November 2020, in the midst of a global pandemic, under the lockdown measures, a group of 9 adventurous, retired, North-American expats decided to follow an Ecuadorian tour guide called Patricio Tipactocta up into El Cajas National Park in the quest of a mysterious mountain called the Devil&#8217;s Wart, to find the aliens.<\/p>\n<h4>Blu-ray\/DVD Delivery:<\/h4>\n<ul>\n<li>Flat Fee Inside Cuenca &#8211; Ecuador: <strong>$2.00<\/strong><\/li>\n<li>Other cities (Servientrega Fee): <strong>$5.00<\/strong><\/li>\n<\/ul>\n<h4>Payment Methods:<\/h4>\n<ul>\n<li><strong>Cash on Delivery<\/strong> (only available inside Cuenca &#8211; Ecuador)<\/li>\n<li>Paypal<\/li>\n<li>Direct Wire Transfer<\/li>\n<\/ul>","protected":false},"featured_media":1105,"comment_status":"closed","ping_status":"closed","template":"","meta":{"site-sidebar-layout":"default","site-content-layout":"default","ast-site-content-layout":"default","site-content-style":"default","site-sidebar-style":"default","ast-global-header-display":"","ast-banner-title-visibility":"","ast-main-header-display":"","ast-hfb-above-header-display":"","ast-hfb-below-header-display":"","ast-hfb-mobile-header-display":"","site-post-title":"","ast-breadcrumbs-content":"","ast-featured-img":"","footer-sml-layout":"","ast-disable-related-posts":"","theme-transparent-header-meta":"default","adv-header-id-meta":"","stick-header-meta":"","header-above-stick-meta":"","header-main-stick-meta":"","header-below-stick-meta":"","astra-migrate-meta-layouts":"default","ast-page-background-enabled":"default","ast-page-background-meta":{"desktop":{"background-color":"","background-image":"","background-repeat":"repeat","background-position":"center center","background-size":"auto","background-attachment":"scroll","background-type":"","background-media":"","overlay-type":"","overlay-color":"","overlay-opacity":"","overlay-gradient":""},"tablet":{"background-color":"","background-image":"","background-repeat":"repeat","background-position":"center center","background-size":"auto","background-attachment":"scroll","background-type":"","background-media":"","overlay-type":"","overlay-color":"","overlay-opacity":"","overlay-gradient":""},"mobile":{"background-color":"","background-image":"","background-repeat":"repeat","background-position":"center center","background-size":"auto","background-attachment":"scroll","background-type":"","background-media":"","overlay-type":"","overlay-color":"","overlay-opacity":"","overlay-gradient":""}},"ast-content-background-meta":{"desktop":{"background-color":"var(--ast-global-color-5)","background-image":"","background-repeat":"repeat","background-position":"center center","background-size":"auto","background-attachment":"scroll","background-type":"","background-media":"","overlay-type":"","overlay-color":"","overlay-opacity":"","overlay-gradient":""},"tablet":{"background-color":"var(--ast-global-color-5)","background-image":"","background-repeat":"repeat","background-position":"center center","background-size":"auto","background-attachment":"scroll","background-type":"","background-media":"","overlay-type":"","overlay-color":"","overlay-opacity":"","overlay-gradient":""},"mobile":{"background-color":"var(--ast-global-color-5)","background-image":"","background-repeat":"repeat","background-position":"center center","background-size":"auto","background-attachment":"scroll","background-type":"","background-media":"","overlay-type":"","overlay-color":"","overlay-opacity":"","overlay-gradient":""}}},"product_cat":[49],"product_tag":[],"yoast_head":"<!-- This site is optimized with the Yoast SEO plugin v21.7 - https:\/\/yoast.com\/wordpress\/plugins\/seo\/ -->\n<title>The Blue Llama Secret Message - Mockumentary Film 100% Made in Cuenca<\/title>\n<meta name=\"description\" content=\"The Blue Llama Secret Message Full Movie Streaming or Buy Blu-ray\/DVD versions with making off, Excluded Parts, Cast, Awards and more.\" \/>\n<meta name=\"robots\" content=\"index, follow, max-snippet:-1, max-image-preview:large, max-video-preview:-1\" \/>\n<link rel=\"canonical\" href=\"https:\/\/www.dmt.agency\/es\/producto\/the-blue-llama-secret-message\/\" \/>\n<meta property=\"og:locale\" content=\"es_ES\" \/>\n<meta property=\"og:type\" content=\"article\" \/>\n<meta property=\"og:title\" content=\"The Blue Llama Secret Message - Mockumentary Film 100% Made in Cuenca\" \/>\n<meta property=\"og:description\" content=\"The Blue Llama Secret Message Full Movie Streaming or Buy Blu-ray\/DVD versions with making off, Excluded Parts, Cast, Awards and more.\" \/>\n<meta property=\"og:url\" content=\"https:\/\/www.dmt.agency\/es\/producto\/the-blue-llama-secret-message\/\" \/>\n<meta property=\"og:site_name\" content=\"Digital Magnet Team\" \/>\n<meta property=\"article:modified_time\" content=\"2022-08-17T12:51:21+00:00\" \/>\n<meta property=\"og:image\" content=\"https:\/\/www.dmt.agency\/wp-content\/uploads\/2022\/06\/The-Blue-Llalam-Poster-with-laurels-Artboard-1-LOWLOW.jpg\" \/>\n\t<meta property=\"og:image:width\" content=\"1200\" \/>\n\t<meta property=\"og:image:height\" content=\"1778\" \/>\n\t<meta property=\"og:image:type\" content=\"image\/jpeg\" \/>\n<meta name=\"twitter:card\" content=\"summary_large_image\" \/>\n<meta name=\"twitter:label1\" content=\"Tiempo de lectura\" \/>\n\t<meta name=\"twitter:data1\" content=\"1 minuto\" \/>\n<script type=\"application\/ld+json\" class=\"yoast-schema-graph\">{\"@context\":\"https:\/\/schema.org\",\"@graph\":[{\"@type\":\"WebPage\",\"@id\":\"https:\/\/www.dmt.agency\/product\/the-blue-llama-secret-message\/\",\"url\":\"https:\/\/www.dmt.agency\/product\/the-blue-llama-secret-message\/\",\"name\":\"The Blue Llama Secret Message - Mockumentary Film 100% Made in Cuenca\",\"isPartOf\":{\"@id\":\"https:\/\/www.dmt.agency\/#website\"},\"datePublished\":\"2022-06-16T21:08:04+00:00\",\"dateModified\":\"2022-08-17T12:51:21+00:00\",\"description\":\"The Blue Llama Secret Message Full Movie Streaming or Buy Blu-ray\/DVD versions with making off, Excluded Parts, Cast, Awards and more.\",\"breadcrumb\":{\"@id\":\"https:\/\/www.dmt.agency\/product\/the-blue-llama-secret-message\/#breadcrumb\"},\"inLanguage\":\"es\",\"potentialAction\":[{\"@type\":\"ReadAction\",\"target\":[\"https:\/\/www.dmt.agency\/product\/the-blue-llama-secret-message\/\"]}]},{\"@type\":\"BreadcrumbList\",\"@id\":\"https:\/\/www.dmt.agency\/product\/the-blue-llama-secret-message\/#breadcrumb\",\"itemListElement\":[{\"@type\":\"ListItem\",\"position\":1,\"name\":\"Home\",\"item\":\"https:\/\/www.dmt.agency\/\"},{\"@type\":\"ListItem\",\"position\":2,\"name\":\"Shop\",\"item\":\"https:\/\/www.dmt.agency\/shop\/\"},{\"@type\":\"ListItem\",\"position\":3,\"name\":\"The Blue Llama Secret Message &#8211; Mockumentary Film 100% Made in Cuenca\"}]},{\"@type\":\"WebSite\",\"@id\":\"https:\/\/www.dmt.agency\/#website\",\"url\":\"https:\/\/www.dmt.agency\/\",\"name\":\"Digital Magnet Team\",\"description\":\"\",\"publisher\":{\"@id\":\"https:\/\/www.dmt.agency\/#organization\"},\"potentialAction\":[{\"@type\":\"SearchAction\",\"target\":{\"@type\":\"EntryPoint\",\"urlTemplate\":\"https:\/\/www.dmt.agency\/?s={search_term_string}\"},\"query-input\":\"required name=search_term_string\"}],\"inLanguage\":\"es\"},{\"@type\":\"Organization\",\"@id\":\"https:\/\/www.dmt.agency\/#organization\",\"name\":\"Digital Magnet Team\",\"url\":\"https:\/\/www.dmt.agency\/\",\"logo\":{\"@type\":\"ImageObject\",\"inLanguage\":\"es\",\"@id\":\"https:\/\/www.dmt.agency\/#\/schema\/logo\/image\/\",\"url\":\"https:\/\/www.dmt.agency\/wp-content\/uploads\/2020\/05\/cropped-DMT-2020-1.jpg\",\"contentUrl\":\"https:\/\/www.dmt.agency\/wp-content\/uploads\/2020\/05\/cropped-DMT-2020-1.jpg\",\"width\":500,\"height\":312,\"caption\":\"Digital Magnet Team\"},\"image\":{\"@id\":\"https:\/\/www.dmt.agency\/#\/schema\/logo\/image\/\"}}]}<\/script>\n<!-- \/ Yoast SEO plugin. -->","yoast_head_json":{"title":"The Blue Llama Secret Message - Mockumentary Film 100% Made in Cuenca","description":"The Blue Llama Secret Message Full Movie Streaming or Buy Blu-ray\/DVD versions with making off, Excluded Parts, Cast, Awards and more.","robots":{"index":"index","follow":"follow","max-snippet":"max-snippet:-1","max-image-preview":"max-image-preview:large","max-video-preview":"max-video-preview:-1"},"canonical":"https:\/\/www.dmt.agency\/es\/producto\/the-blue-llama-secret-message\/","og_locale":"es_ES","og_type":"article","og_title":"The Blue Llama Secret Message - Mockumentary Film 100% Made in Cuenca","og_description":"The Blue Llama Secret Message Full Movie Streaming or Buy Blu-ray\/DVD versions with making off, Excluded Parts, Cast, Awards and more.","og_url":"https:\/\/www.dmt.agency\/es\/producto\/the-blue-llama-secret-message\/","og_site_name":"Digital Magnet Team","article_modified_time":"2022-08-17T12:51:21+00:00","og_image":[{"width":1200,"height":1778,"url":"https:\/\/www.dmt.agency\/wp-content\/uploads\/2022\/06\/The-Blue-Llalam-Poster-with-laurels-Artboard-1-LOWLOW.jpg","type":"image\/jpeg"}],"twitter_card":"summary_large_image","twitter_misc":{"Tiempo de lectura":"1 minuto"},"schema":{"@context":"https:\/\/schema.org","@graph":[{"@type":"WebPage","@id":"https:\/\/www.dmt.agency\/product\/the-blue-llama-secret-message\/","url":"https:\/\/www.dmt.agency\/product\/the-blue-llama-secret-message\/","name":"The Blue Llama Secret Message - Mockumentary Film 100% Made in Cuenca","isPartOf":{"@id":"https:\/\/www.dmt.agency\/#website"},"datePublished":"2022-06-16T21:08:04+00:00","dateModified":"2022-08-17T12:51:21+00:00","description":"The Blue Llama Secret Message Full Movie Streaming or Buy Blu-ray\/DVD versions with making off, Excluded Parts, Cast, Awards and more.","breadcrumb":{"@id":"https:\/\/www.dmt.agency\/product\/the-blue-llama-secret-message\/#breadcrumb"},"inLanguage":"es","potentialAction":[{"@type":"ReadAction","target":["https:\/\/www.dmt.agency\/product\/the-blue-llama-secret-message\/"]}]},{"@type":"BreadcrumbList","@id":"https:\/\/www.dmt.agency\/product\/the-blue-llama-secret-message\/#breadcrumb","itemListElement":[{"@type":"ListItem","position":1,"name":"Home","item":"https:\/\/www.dmt.agency\/"},{"@type":"ListItem","position":2,"name":"Shop","item":"https:\/\/www.dmt.agency\/shop\/"},{"@type":"ListItem","position":3,"name":"The Blue Llama Secret Message &#8211; Mockumentary Film 100% Made in Cuenca"}]},{"@type":"WebSite","@id":"https:\/\/www.dmt.agency\/#website","url":"https:\/\/www.dmt.agency\/","name":"Digital Magnet Team","description":"","publisher":{"@id":"https:\/\/www.dmt.agency\/#organization"},"potentialAction":[{"@type":"SearchAction","target":{"@type":"EntryPoint","urlTemplate":"https:\/\/www.dmt.agency\/?s={search_term_string}"},"query-input":"required name=search_term_string"}],"inLanguage":"es"},{"@type":"Organization","@id":"https:\/\/www.dmt.agency\/#organization","name":"Digital Magnet Team","url":"https:\/\/www.dmt.agency\/","logo":{"@type":"ImageObject","inLanguage":"es","@id":"https:\/\/www.dmt.agency\/#\/schema\/logo\/image\/","url":"https:\/\/www.dmt.agency\/wp-content\/uploads\/2020\/05\/cropped-DMT-2020-1.jpg","contentUrl":"https:\/\/www.dmt.agency\/wp-content\/uploads\/2020\/05\/cropped-DMT-2020-1.jpg","width":500,"height":312,"caption":"Digital Magnet Team"},"image":{"@id":"https:\/\/www.dmt.agency\/#\/schema\/logo\/image\/"}}]}},"_links":{"self":[{"href":"https:\/\/www.dmt.agency\/es\/wp-json\/wp\/v2\/product\/1092"}],"collection":[{"href":"https:\/\/www.dmt.agency\/es\/wp-json\/wp\/v2\/product"}],"about":[{"href":"https:\/\/www.dmt.agency\/es\/wp-json\/wp\/v2\/types\/product"}],"replies":[{"embeddable":true,"href":"https:\/\/www.dmt.agency\/es\/wp-json\/wp\/v2\/comments?post=1092"}],"wp:featuredmedia":[{"embeddable":true,"href":"https:\/\/www.dmt.agency\/es\/wp-json\/wp\/v2\/media\/1105"}],"wp:attachment":[{"href":"https:\/\/www.dmt.agency\/es\/wp-json\/wp\/v2\/media?parent=1092"}],"wp:term":[{"taxonomy":"product_cat","embeddable":true,"href":"https:\/\/www.dmt.agency\/es\/wp-json\/wp\/v2\/product_cat?post=1092"},{"taxonomy":"product_tag","embeddable":true,"href":"https:\/\/www.dmt.agency\/es\/wp-json\/wp\/v2\/product_tag?post=1092"}],"curies":[{"name":"wp","href":"https:\/\/api.w.org\/{rel}","templated":true}]}}