{"id":921,"date":"2021-03-31T20:00:17","date_gmt":"2021-03-31T20:00:17","guid":{"rendered":"https:\/\/www.dmt.agency\/?page_id=921"},"modified":"2021-03-31T20:51:46","modified_gmt":"2021-03-31T20:51:46","slug":"request-a-free-quote","status":"publish","type":"page","link":"https:\/\/www.dmt.agency\/es\/request-a-free-quote\/","title":{"rendered":"Solicitar cotizaci\u00f3n"},"content":{"rendered":"<div class=\"wp-block-columns is-layout-flex wp-container-3\">\n<div class=\"wp-block-column is-layout-flow\">\n<figure class=\"wp-block-image size-large\"><img decoding=\"async\" loading=\"lazy\" width=\"600\" height=\"200\" src=\"https:\/\/www.dmt.agency\/wp-content\/uploads\/2021\/03\/UNIQUE-IDEAS.jpg\" alt=\"\" class=\"wp-image-934\" srcset=\"https:\/\/www.dmt.agency\/wp-content\/uploads\/2021\/03\/UNIQUE-IDEAS.jpg 600w, https:\/\/www.dmt.agency\/wp-content\/uploads\/2021\/03\/UNIQUE-IDEAS-300x100.jpg 300w, https:\/\/www.dmt.agency\/wp-content\/uploads\/2021\/03\/UNIQUE-IDEAS-320x107.jpg 320w, https:\/\/www.dmt.agency\/wp-content\/uploads\/2021\/03\/UNIQUE-IDEAS-360x120.jpg 360w\" sizes=\"(max-width: 600px) 100vw, 600px\" \/><\/figure>\n\n\n\n<h1 class=\"wp-block-heading\">Solicitar cotizaci\u00f3n<\/h1>\n\n\n\n<p>Si el sitio web que desea crear no es un <a href=\"https:\/\/www.dmt.agency\/es\/start-up-website-plan\/\">sitio web informativa b\u00e1sico<\/a>, ni un <a href=\"https:\/\/www.dmt.agency\/es\/producto\/ecommerce-website-setting-up\/\">Sitio Web Transaccional<\/a> or an <a href=\"https:\/\/www.dmt.agency\/es\/producto\/elearning-website-set-up-basic\/\">e-learning (educational)<\/a> sino algo distinto, tal vez una herramienta web, como un dise\u00f1ador web de productos personalizados en l\u00ednea o algo completamente diferente, no dude en completar el siguiente formulario explicando en detalle qu\u00e9 es exactamente lo que est\u00e1 buscando. <\/p>\n\n\n\n<p>Adem\u00e1s, si lo que necesita de nosotros es otro tipo de servicio como actualizar, arreglar o mover su sitio a otro proveedor de alojamiento web o a otro CMS, este es el lugar adecuado para explicarle mejor sus necesidades. La cotizaci\u00f3n es totalmente gratis.    <\/p>\n<\/div>\n\n\n\n<div class=\"wp-block-column is-layout-flow\">\n<iframe loading=\"lazy\" src=\"https:\/\/docs.google.com\/forms\/d\/e\/1FAIpQLSeLTNBJ4NDOS9GK0mlGXLQfsW6NaUH-uAlA1Bj-OOBiE7OzHA\/viewform?embedded=true\" width=\"640\" height=\"853\" frameborder=\"0\" marginheight=\"0\" marginwidth=\"0\">Loading\u2026<\/iframe>\n<\/div>\n<\/div>","protected":false},"excerpt":{"rendered":"<p>Request a Free Quote If the website you want to build is not a basic informative website, not an e-commerce (transactional) or an e-learning (educational) one, but another thing, maybe a web tool, like a custom products online web designer or a completly different thing, please feel free to fill out the following form explaining [&hellip;]<\/p>\n","protected":false},"author":1,"featured_media":930,"parent":0,"menu_order":0,"comment_status":"closed","ping_status":"closed","template":"","meta":{"site-sidebar-layout":"default","site-content-layout":"default","ast-site-content-layout":"default","site-content-style":"default","site-sidebar-style":"default","ast-global-header-display":"","ast-banner-title-visibility":"","ast-main-header-display":"","ast-hfb-above-header-display":"","ast-hfb-below-header-display":"","ast-hfb-mobile-header-display":"","site-post-title":"disabled","ast-breadcrumbs-content":"","ast-featured-img":"disabled","footer-sml-layout":"","ast-disable-related-posts":"","theme-transparent-header-meta":"default","adv-header-id-meta":"","stick-header-meta":"","header-above-stick-meta":"","header-main-stick-meta":"","header-below-stick-meta":"","astra-migrate-meta-layouts":"default","ast-page-background-enabled":"default","ast-page-background-meta":{"desktop":{"background-color":"","background-image":"","background-repeat":"repeat","background-position":"center center","background-size":"auto","background-attachment":"scroll","background-type":"","background-media":"","overlay-type":"","overlay-color":"","overlay-opacity":"","overlay-gradient":""},"tablet":{"background-color":"","background-image":"","background-repeat":"repeat","background-position":"center center","background-size":"auto","background-attachment":"scroll","background-type":"","background-media":"","overlay-type":"","overlay-color":"","overlay-opacity":"","overlay-gradient":""},"mobile":{"background-color":"","background-image":"","background-repeat":"repeat","background-position":"center center","background-size":"auto","background-attachment":"scroll","background-type":"","background-media":"","overlay-type":"","overlay-color":"","overlay-opacity":"","overlay-gradient":""}},"ast-content-background-meta":{"desktop":{"background-color":"var(--ast-global-color-5)","background-image":"","background-repeat":"repeat","background-position":"center center","background-size":"auto","background-attachment":"scroll","background-type":"","background-media":"","overlay-type":"","overlay-color":"","overlay-opacity":"","overlay-gradient":""},"tablet":{"background-color":"var(--ast-global-color-5)","background-image":"","background-repeat":"repeat","background-position":"center center","background-size":"auto","background-attachment":"scroll","background-type":"","background-media":"","overlay-type":"","overlay-color":"","overlay-opacity":"","overlay-gradient":""},"mobile":{"background-color":"var(--ast-global-color-5)","background-image":"","background-repeat":"repeat","background-position":"center center","background-size":"auto","background-attachment":"scroll","background-type":"","background-media":"","overlay-type":"","overlay-color":"","overlay-opacity":"","overlay-gradient":""}}},"yoast_head":"<!-- This site is optimized with the Yoast SEO plugin v21.7 - https:\/\/yoast.com\/wordpress\/plugins\/seo\/ -->\n<title>Request a Free Quote - Digital Magnet Team<\/title>\n<meta name=\"robots\" content=\"index, follow, max-snippet:-1, max-image-preview:large, max-video-preview:-1\" \/>\n<link rel=\"canonical\" href=\"https:\/\/www.dmt.agency\/es\/request-a-free-quote\/\" \/>\n<meta property=\"og:locale\" content=\"es_ES\" \/>\n<meta property=\"og:type\" content=\"article\" \/>\n<meta property=\"og:title\" content=\"Request a Free Quote - Digital Magnet Team\" \/>\n<meta property=\"og:description\" content=\"Request a Free Quote If the website you want to build is not a basic informative website, not an e-commerce (transactional) or an e-learning (educational) one, but another thing, maybe a web tool, like a custom products online web designer or a completly different thing, please feel free to fill out the following form explaining [&hellip;]\" \/>\n<meta property=\"og:url\" content=\"https:\/\/www.dmt.agency\/es\/request-a-free-quote\/\" \/>\n<meta property=\"og:site_name\" content=\"Digital Magnet Team\" \/>\n<meta property=\"article:modified_time\" content=\"2021-03-31T20:51:46+00:00\" \/>\n<meta property=\"og:image\" content=\"https:\/\/www.dmt.agency\/wp-content\/uploads\/2021\/03\/Request-a-Free-Quote.jpg\" \/>\n\t<meta property=\"og:image:width\" content=\"600\" \/>\n\t<meta property=\"og:image:height\" content=\"400\" \/>\n\t<meta property=\"og:image:type\" content=\"image\/jpeg\" \/>\n<meta name=\"twitter:card\" content=\"summary_large_image\" \/>\n<meta name=\"twitter:label1\" content=\"Tiempo de lectura\" \/>\n\t<meta name=\"twitter:data1\" content=\"1 minuto\" \/>\n<script type=\"application\/ld+json\" class=\"yoast-schema-graph\">{\"@context\":\"https:\/\/schema.org\",\"@graph\":[{\"@type\":\"WebPage\",\"@id\":\"https:\/\/www.dmt.agency\/request-a-free-quote\/\",\"url\":\"https:\/\/www.dmt.agency\/request-a-free-quote\/\",\"name\":\"Request a Free Quote - Digital Magnet Team\",\"isPartOf\":{\"@id\":\"https:\/\/www.dmt.agency\/#website\"},\"datePublished\":\"2021-03-31T20:00:17+00:00\",\"dateModified\":\"2021-03-31T20:51:46+00:00\",\"breadcrumb\":{\"@id\":\"https:\/\/www.dmt.agency\/request-a-free-quote\/#breadcrumb\"},\"inLanguage\":\"es\",\"potentialAction\":[{\"@type\":\"ReadAction\",\"target\":[\"https:\/\/www.dmt.agency\/request-a-free-quote\/\"]}]},{\"@type\":\"BreadcrumbList\",\"@id\":\"https:\/\/www.dmt.agency\/request-a-free-quote\/#breadcrumb\",\"itemListElement\":[{\"@type\":\"ListItem\",\"position\":1,\"name\":\"Home\",\"item\":\"https:\/\/www.dmt.agency\/\"},{\"@type\":\"ListItem\",\"position\":2,\"name\":\"Request a Free Quote\"}]},{\"@type\":\"WebSite\",\"@id\":\"https:\/\/www.dmt.agency\/#website\",\"url\":\"https:\/\/www.dmt.agency\/\",\"name\":\"Digital Magnet Team\",\"description\":\"\",\"publisher\":{\"@id\":\"https:\/\/www.dmt.agency\/#organization\"},\"potentialAction\":[{\"@type\":\"SearchAction\",\"target\":{\"@type\":\"EntryPoint\",\"urlTemplate\":\"https:\/\/www.dmt.agency\/?s={search_term_string}\"},\"query-input\":\"required name=search_term_string\"}],\"inLanguage\":\"es\"},{\"@type\":\"Organization\",\"@id\":\"https:\/\/www.dmt.agency\/#organization\",\"name\":\"Digital Magnet Team\",\"url\":\"https:\/\/www.dmt.agency\/\",\"logo\":{\"@type\":\"ImageObject\",\"inLanguage\":\"es\",\"@id\":\"https:\/\/www.dmt.agency\/#\/schema\/logo\/image\/\",\"url\":\"https:\/\/www.dmt.agency\/wp-content\/uploads\/2020\/05\/cropped-DMT-2020-1.jpg\",\"contentUrl\":\"https:\/\/www.dmt.agency\/wp-content\/uploads\/2020\/05\/cropped-DMT-2020-1.jpg\",\"width\":500,\"height\":312,\"caption\":\"Digital Magnet Team\"},\"image\":{\"@id\":\"https:\/\/www.dmt.agency\/#\/schema\/logo\/image\/\"}}]}<\/script>\n<!-- \/ Yoast SEO plugin. -->","yoast_head_json":{"title":"Request a Free Quote - Digital Magnet Team","robots":{"index":"index","follow":"follow","max-snippet":"max-snippet:-1","max-image-preview":"max-image-preview:large","max-video-preview":"max-video-preview:-1"},"canonical":"https:\/\/www.dmt.agency\/es\/request-a-free-quote\/","og_locale":"es_ES","og_type":"article","og_title":"Request a Free Quote - Digital Magnet Team","og_description":"Request a Free Quote If the website you want to build is not a basic informative website, not an e-commerce (transactional) or an e-learning (educational) one, but another thing, maybe a web tool, like a custom products online web designer or a completly different thing, please feel free to fill out the following form explaining [&hellip;]","og_url":"https:\/\/www.dmt.agency\/es\/request-a-free-quote\/","og_site_name":"Digital Magnet Team","article_modified_time":"2021-03-31T20:51:46+00:00","og_image":[{"width":600,"height":400,"url":"https:\/\/www.dmt.agency\/wp-content\/uploads\/2021\/03\/Request-a-Free-Quote.jpg","type":"image\/jpeg"}],"twitter_card":"summary_large_image","twitter_misc":{"Tiempo de lectura":"1 minuto"},"schema":{"@context":"https:\/\/schema.org","@graph":[{"@type":"WebPage","@id":"https:\/\/www.dmt.agency\/request-a-free-quote\/","url":"https:\/\/www.dmt.agency\/request-a-free-quote\/","name":"Request a Free Quote - Digital Magnet Team","isPartOf":{"@id":"https:\/\/www.dmt.agency\/#website"},"datePublished":"2021-03-31T20:00:17+00:00","dateModified":"2021-03-31T20:51:46+00:00","breadcrumb":{"@id":"https:\/\/www.dmt.agency\/request-a-free-quote\/#breadcrumb"},"inLanguage":"es","potentialAction":[{"@type":"ReadAction","target":["https:\/\/www.dmt.agency\/request-a-free-quote\/"]}]},{"@type":"BreadcrumbList","@id":"https:\/\/www.dmt.agency\/request-a-free-quote\/#breadcrumb","itemListElement":[{"@type":"ListItem","position":1,"name":"Home","item":"https:\/\/www.dmt.agency\/"},{"@type":"ListItem","position":2,"name":"Request a Free Quote"}]},{"@type":"WebSite","@id":"https:\/\/www.dmt.agency\/#website","url":"https:\/\/www.dmt.agency\/","name":"Digital Magnet Team","description":"","publisher":{"@id":"https:\/\/www.dmt.agency\/#organization"},"potentialAction":[{"@type":"SearchAction","target":{"@type":"EntryPoint","urlTemplate":"https:\/\/www.dmt.agency\/?s={search_term_string}"},"query-input":"required name=search_term_string"}],"inLanguage":"es"},{"@type":"Organization","@id":"https:\/\/www.dmt.agency\/#organization","name":"Digital Magnet Team","url":"https:\/\/www.dmt.agency\/","logo":{"@type":"ImageObject","inLanguage":"es","@id":"https:\/\/www.dmt.agency\/#\/schema\/logo\/image\/","url":"https:\/\/www.dmt.agency\/wp-content\/uploads\/2020\/05\/cropped-DMT-2020-1.jpg","contentUrl":"https:\/\/www.dmt.agency\/wp-content\/uploads\/2020\/05\/cropped-DMT-2020-1.jpg","width":500,"height":312,"caption":"Digital Magnet Team"},"image":{"@id":"https:\/\/www.dmt.agency\/#\/schema\/logo\/image\/"}}]}},"_links":{"self":[{"href":"https:\/\/www.dmt.agency\/es\/wp-json\/wp\/v2\/pages\/921"}],"collection":[{"href":"https:\/\/www.dmt.agency\/es\/wp-json\/wp\/v2\/pages"}],"about":[{"href":"https:\/\/www.dmt.agency\/es\/wp-json\/wp\/v2\/types\/page"}],"author":[{"embeddable":true,"href":"https:\/\/www.dmt.agency\/es\/wp-json\/wp\/v2\/users\/1"}],"replies":[{"embeddable":true,"href":"https:\/\/www.dmt.agency\/es\/wp-json\/wp\/v2\/comments?post=921"}],"version-history":[{"count":5,"href":"https:\/\/www.dmt.agency\/es\/wp-json\/wp\/v2\/pages\/921\/revisions"}],"predecessor-version":[{"id":937,"href":"https:\/\/www.dmt.agency\/es\/wp-json\/wp\/v2\/pages\/921\/revisions\/937"}],"wp:featuredmedia":[{"embeddable":true,"href":"https:\/\/www.dmt.agency\/es\/wp-json\/wp\/v2\/media\/930"}],"wp:attachment":[{"href":"https:\/\/www.dmt.agency\/es\/wp-json\/wp\/v2\/media?parent=921"}],"curies":[{"name":"wp","href":"https:\/\/api.w.org\/{rel}","templated":true}]}}