{"id":180,"date":"2020-06-13T21:03:30","date_gmt":"2020-06-13T21:03:30","guid":{"rendered":"https:\/\/www.dmt.agency\/?page_id=180"},"modified":"2023-07-21T18:06:47","modified_gmt":"2023-07-21T18:06:47","slug":"smart-video-production","status":"publish","type":"page","link":"https:\/\/www.dmt.agency\/es\/smart-video-production\/","title":{"rendered":"Producci\u00f3n de v\u00eddeo inteligente"},"content":{"rendered":"<div class=\"wp-block-columns alignwide is-layout-flex wp-container-11\">\n<div class=\"wp-block-column is-layout-flow\">\n<div class=\"inherit-container-width wp-block-group is-layout-constrained\"><div class=\"wp-block-group__inner-container\">\n<figure class=\"wp-block-image aligncenter size-large\"><a href=\"https:\/\/www.dmt.agency\/es\/slides-video\/\"><img decoding=\"async\" loading=\"lazy\" width=\"300\" height=\"300\" src=\"https:\/\/www.dmt.agency\/wp-content\/uploads\/2020\/05\/slides-video-cover-img-300x300-low.jpg\" alt=\"slides video cover\" class=\"wp-image-104\" srcset=\"https:\/\/www.dmt.agency\/wp-content\/uploads\/2020\/05\/slides-video-cover-img-300x300-low.jpg 300w, https:\/\/www.dmt.agency\/wp-content\/uploads\/2020\/05\/slides-video-cover-img-300x300-low-100x100.jpg 100w, https:\/\/www.dmt.agency\/wp-content\/uploads\/2020\/05\/slides-video-cover-img-300x300-low-150x150.jpg 150w\" sizes=\"(max-width: 300px) 100vw, 300px\" \/><\/a><\/figure>\n\n\n\n<h4 class=\"wp-block-heading has-text-align-center\">V\u00eddeo de diapositivas<\/h4>\n\n\n\n<p class=\"has-small-font-size\">Transforme las publicaciones de su blog en videos elegantes con diapositivas de t\u00edtulos e im\u00e1genes. Genera contenido de video para redes sociales por el precio m\u00e1s bajo de la historia. Tambi\u00e9n es ideal para presentaciones y discursos. <\/p>\n<\/div><\/div>\n\n\n\n<div class=\"wp-block-buttons is-content-justification-center is-layout-flex wp-container-2\">\n<div class=\"wp-block-button\"><a class=\"wp-block-button__link wp-element-button\" href=\"https:\/\/www.dmt.agency\/es\/slides-video\/\" target=\"_blank\" rel=\"noreferrer noopener\">Ver muestras de videos realizados<\/a><\/div>\n<\/div>\n<\/div>\n\n\n\n<div class=\"wp-block-column is-layout-flow\">\n<div class=\"inherit-container-width wp-block-group is-layout-constrained\"><div class=\"wp-block-group__inner-container\">\n<figure class=\"wp-block-image aligncenter size-large\"><a href=\"https:\/\/www.dmt.agency\/es\/motion-graphics\/\"><img decoding=\"async\" loading=\"lazy\" width=\"300\" height=\"300\" src=\"https:\/\/www.dmt.agency\/wp-content\/uploads\/2020\/05\/motion-titles-img-300x300-1.png\" alt=\"\" class=\"wp-image-105\" srcset=\"https:\/\/www.dmt.agency\/wp-content\/uploads\/2020\/05\/motion-titles-img-300x300-1.png 300w, https:\/\/www.dmt.agency\/wp-content\/uploads\/2020\/05\/motion-titles-img-300x300-1-100x100.png 100w, https:\/\/www.dmt.agency\/wp-content\/uploads\/2020\/05\/motion-titles-img-300x300-1-150x150.png 150w\" sizes=\"(max-width: 300px) 100vw, 300px\" \/><\/a><\/figure>\n\n\n\n<h4 class=\"wp-block-heading has-text-align-center\">Gr\u00e1ficos en movimiento<\/h4>\n\n\n\n<p class=\"has-small-font-size\">T\u00edtulos y fotos\/videos completamente animados con efectos especiales, dentro y fuera, totalmente personalizables para que coincidan con los colores y las fuentes de su marca. Ideal para animaci\u00f3n de logotipos (introducci\u00f3n y salida). <\/p>\n<\/div><\/div>\n\n\n\n<div class=\"wp-block-buttons is-content-justification-center is-layout-flex wp-container-5\">\n<div class=\"wp-block-button\"><a class=\"wp-block-button__link wp-element-button\" href=\"https:\/\/www.dmt.agency\/es\/motion-graphics\/\" target=\"_blank\" rel=\"noreferrer noopener\">Ver muestras de videos realizados<\/a><\/div>\n<\/div>\n<\/div>\n\n\n\n<div class=\"wp-block-column is-layout-flow\">\n<figure class=\"wp-block-image aligncenter size-large\"><a href=\"https:\/\/www.dmt.agency\/es\/character-animation\/\"><img decoding=\"async\" loading=\"lazy\" width=\"300\" height=\"300\" src=\"https:\/\/www.dmt.agency\/wp-content\/uploads\/2020\/05\/character-animation-2-300-x-300-img.gif\" alt=\"\" class=\"wp-image-106\"\/><\/a><\/figure>\n\n\n\n<h4 class=\"wp-block-heading has-text-align-center\">Animaci\u00f3n de personajes<\/h4>\n\n\n\n<p class=\"has-small-font-size\">Da vida a los personajes con ciclos de caminata, sincronizaci\u00f3n de saltos, gestos faciales y m\u00e1s. Impresionante para contar historias y aumentar su compromiso, ya sea en redes sociales, canales de YouTube, anuncios de televisi\u00f3n o cortometrajes.<\/p>\n\n\n\n<div class=\"wp-block-buttons is-content-justification-center is-layout-flex wp-container-7\">\n<div class=\"wp-block-button\"><a class=\"wp-block-button__link wp-element-button\" href=\"https:\/\/www.dmt.agency\/es\/character-animation\/\" target=\"_blank\" rel=\"noreferrer noopener\">Ver muestras de videos realizados<\/a><\/div>\n<\/div>\n<\/div>\n\n\n\n<div class=\"wp-block-column is-layout-flow\">\n<figure class=\"wp-block-image aligncenter size-large\"><a href=\"https:\/\/www.dmt.agency\/es\/video-edition\/\"><img decoding=\"async\" loading=\"lazy\" width=\"300\" height=\"300\" src=\"https:\/\/www.dmt.agency\/wp-content\/uploads\/2020\/05\/video-edition-300x300-1.jpg\" alt=\"video-edition\" class=\"wp-image-96\" srcset=\"https:\/\/www.dmt.agency\/wp-content\/uploads\/2020\/05\/video-edition-300x300-1.jpg 300w, https:\/\/www.dmt.agency\/wp-content\/uploads\/2020\/05\/video-edition-300x300-1-100x100.jpg 100w, https:\/\/www.dmt.agency\/wp-content\/uploads\/2020\/05\/video-edition-300x300-1-150x150.jpg 150w\" sizes=\"(max-width: 300px) 100vw, 300px\" \/><\/a><\/figure>\n\n\n\n<h4 class=\"wp-block-heading has-text-align-center\">Edici\u00f3n de video<\/h4>\n\n\n\n<p class=\"has-small-font-size\">Env\u00edanos tus videos y los editaremos agregando im\u00e1genes y recursos para hacerlo m\u00e1s atractivo con un toque profesional con transiciones especiales y efectos especiales. Tambi\u00e9n ofrecemos filtrado de clave de croma. Ideal para canales de youtube.<\/p>\n\n\n\n<div class=\"wp-block-buttons is-content-justification-center is-layout-flex wp-container-9\">\n<div class=\"wp-block-button\"><a class=\"wp-block-button__link wp-element-button\" href=\"https:\/\/www.dmt.agency\/es\/video-edition\/\" target=\"_blank\" rel=\"noreferrer noopener\">Ver muestras de videos realizados<\/a><\/div>\n<\/div>\n<\/div>\n<\/div>","protected":false},"excerpt":{"rendered":"<p>Slides Video Transform your blog posts into elegant videos with slides of tittles and images. Generate video content for social networks for the lowest price ever. Also ideal for presentations and speechs. Motion Graphics Fully animated tittles and photos\/videos with special effects, in and outs, fully customizables to match your brands colors and fonts. Great [&hellip;]<\/p>\n","protected":false},"author":1,"featured_media":0,"parent":0,"menu_order":0,"comment_status":"closed","ping_status":"closed","template":"","meta":{"site-sidebar-layout":"default","site-content-layout":"","ast-site-content-layout":"default","site-content-style":"default","site-sidebar-style":"default","ast-global-header-display":"","ast-banner-title-visibility":"","ast-main-header-display":"","ast-hfb-above-header-display":"","ast-hfb-below-header-display":"","ast-hfb-mobile-header-display":"","site-post-title":"","ast-breadcrumbs-content":"","ast-featured-img":"","footer-sml-layout":"","ast-disable-related-posts":"","theme-transparent-header-meta":"","adv-header-id-meta":"","stick-header-meta":"","header-above-stick-meta":"","header-main-stick-meta":"","header-below-stick-meta":"","astra-migrate-meta-layouts":"default","ast-page-background-enabled":"default","ast-page-background-meta":{"desktop":{"background-color":"","background-image":"","background-repeat":"repeat","background-position":"center center","background-size":"auto","background-attachment":"scroll","background-type":"","background-media":"","overlay-type":"","overlay-color":"","overlay-opacity":"","overlay-gradient":""},"tablet":{"background-color":"","background-image":"","background-repeat":"repeat","background-position":"center center","background-size":"auto","background-attachment":"scroll","background-type":"","background-media":"","overlay-type":"","overlay-color":"","overlay-opacity":"","overlay-gradient":""},"mobile":{"background-color":"","background-image":"","background-repeat":"repeat","background-position":"center center","background-size":"auto","background-attachment":"scroll","background-type":"","background-media":"","overlay-type":"","overlay-color":"","overlay-opacity":"","overlay-gradient":""}},"ast-content-background-meta":{"desktop":{"background-color":"var(--ast-global-color-5)","background-image":"","background-repeat":"repeat","background-position":"center center","background-size":"auto","background-attachment":"scroll","background-type":"","background-media":"","overlay-type":"","overlay-color":"","overlay-opacity":"","overlay-gradient":""},"tablet":{"background-color":"var(--ast-global-color-5)","background-image":"","background-repeat":"repeat","background-position":"center center","background-size":"auto","background-attachment":"scroll","background-type":"","background-media":"","overlay-type":"","overlay-color":"","overlay-opacity":"","overlay-gradient":""},"mobile":{"background-color":"var(--ast-global-color-5)","background-image":"","background-repeat":"repeat","background-position":"center center","background-size":"auto","background-attachment":"scroll","background-type":"","background-media":"","overlay-type":"","overlay-color":"","overlay-opacity":"","overlay-gradient":""}}},"yoast_head":"<!-- This site is optimized with the Yoast SEO plugin v21.7 - https:\/\/yoast.com\/wordpress\/plugins\/seo\/ -->\n<title>Smart Video Production - Digital Magnet Team<\/title>\n<meta name=\"robots\" content=\"index, follow, max-snippet:-1, max-image-preview:large, max-video-preview:-1\" \/>\n<link rel=\"canonical\" href=\"https:\/\/www.dmt.agency\/es\/smart-video-production\/\" \/>\n<meta property=\"og:locale\" content=\"es_ES\" \/>\n<meta property=\"og:type\" content=\"article\" \/>\n<meta property=\"og:title\" content=\"Smart Video Production - Digital Magnet Team\" \/>\n<meta property=\"og:description\" content=\"Slides Video Transform your blog posts into elegant videos with slides of tittles and images. Generate video content for social networks for the lowest price ever. Also ideal for presentations and speechs. Motion Graphics Fully animated tittles and photos\/videos with special effects, in and outs, fully customizables to match your brands colors and fonts. Great [&hellip;]\" \/>\n<meta property=\"og:url\" content=\"https:\/\/www.dmt.agency\/es\/smart-video-production\/\" \/>\n<meta property=\"og:site_name\" content=\"Digital Magnet Team\" \/>\n<meta property=\"article:modified_time\" content=\"2023-07-21T18:06:47+00:00\" \/>\n<meta property=\"og:image\" content=\"https:\/\/www.dmt.agency\/wp-content\/uploads\/2020\/05\/slides-video-cover-img-300x300-low.jpg\" \/>\n<meta name=\"twitter:card\" content=\"summary_large_image\" \/>\n<meta name=\"twitter:label1\" content=\"Tiempo de lectura\" \/>\n\t<meta name=\"twitter:data1\" content=\"2 minutos\" \/>\n<script type=\"application\/ld+json\" class=\"yoast-schema-graph\">{\"@context\":\"https:\/\/schema.org\",\"@graph\":[{\"@type\":\"WebPage\",\"@id\":\"https:\/\/www.dmt.agency\/smart-video-production\/\",\"url\":\"https:\/\/www.dmt.agency\/smart-video-production\/\",\"name\":\"Smart Video Production - Digital Magnet Team\",\"isPartOf\":{\"@id\":\"https:\/\/www.dmt.agency\/#website\"},\"datePublished\":\"2020-06-13T21:03:30+00:00\",\"dateModified\":\"2023-07-21T18:06:47+00:00\",\"breadcrumb\":{\"@id\":\"https:\/\/www.dmt.agency\/smart-video-production\/#breadcrumb\"},\"inLanguage\":\"es\",\"potentialAction\":[{\"@type\":\"ReadAction\",\"target\":[\"https:\/\/www.dmt.agency\/smart-video-production\/\"]}]},{\"@type\":\"BreadcrumbList\",\"@id\":\"https:\/\/www.dmt.agency\/smart-video-production\/#breadcrumb\",\"itemListElement\":[{\"@type\":\"ListItem\",\"position\":1,\"name\":\"Home\",\"item\":\"https:\/\/www.dmt.agency\/\"},{\"@type\":\"ListItem\",\"position\":2,\"name\":\"Smart Video Production\"}]},{\"@type\":\"WebSite\",\"@id\":\"https:\/\/www.dmt.agency\/#website\",\"url\":\"https:\/\/www.dmt.agency\/\",\"name\":\"Digital Magnet Team\",\"description\":\"\",\"publisher\":{\"@id\":\"https:\/\/www.dmt.agency\/#organization\"},\"potentialAction\":[{\"@type\":\"SearchAction\",\"target\":{\"@type\":\"EntryPoint\",\"urlTemplate\":\"https:\/\/www.dmt.agency\/?s={search_term_string}\"},\"query-input\":\"required name=search_term_string\"}],\"inLanguage\":\"es\"},{\"@type\":\"Organization\",\"@id\":\"https:\/\/www.dmt.agency\/#organization\",\"name\":\"Digital Magnet Team\",\"url\":\"https:\/\/www.dmt.agency\/\",\"logo\":{\"@type\":\"ImageObject\",\"inLanguage\":\"es\",\"@id\":\"https:\/\/www.dmt.agency\/#\/schema\/logo\/image\/\",\"url\":\"https:\/\/www.dmt.agency\/wp-content\/uploads\/2020\/05\/cropped-DMT-2020-1.jpg\",\"contentUrl\":\"https:\/\/www.dmt.agency\/wp-content\/uploads\/2020\/05\/cropped-DMT-2020-1.jpg\",\"width\":500,\"height\":312,\"caption\":\"Digital Magnet Team\"},\"image\":{\"@id\":\"https:\/\/www.dmt.agency\/#\/schema\/logo\/image\/\"}}]}<\/script>\n<!-- \/ Yoast SEO plugin. -->","yoast_head_json":{"title":"Smart Video Production - Digital Magnet Team","robots":{"index":"index","follow":"follow","max-snippet":"max-snippet:-1","max-image-preview":"max-image-preview:large","max-video-preview":"max-video-preview:-1"},"canonical":"https:\/\/www.dmt.agency\/es\/smart-video-production\/","og_locale":"es_ES","og_type":"article","og_title":"Smart Video Production - Digital Magnet Team","og_description":"Slides Video Transform your blog posts into elegant videos with slides of tittles and images. Generate video content for social networks for the lowest price ever. Also ideal for presentations and speechs. Motion Graphics Fully animated tittles and photos\/videos with special effects, in and outs, fully customizables to match your brands colors and fonts. Great [&hellip;]","og_url":"https:\/\/www.dmt.agency\/es\/smart-video-production\/","og_site_name":"Digital Magnet Team","article_modified_time":"2023-07-21T18:06:47+00:00","og_image":[{"url":"https:\/\/www.dmt.agency\/wp-content\/uploads\/2020\/05\/slides-video-cover-img-300x300-low.jpg"}],"twitter_card":"summary_large_image","twitter_misc":{"Tiempo de lectura":"2 minutos"},"schema":{"@context":"https:\/\/schema.org","@graph":[{"@type":"WebPage","@id":"https:\/\/www.dmt.agency\/smart-video-production\/","url":"https:\/\/www.dmt.agency\/smart-video-production\/","name":"Smart Video Production - Digital Magnet Team","isPartOf":{"@id":"https:\/\/www.dmt.agency\/#website"},"datePublished":"2020-06-13T21:03:30+00:00","dateModified":"2023-07-21T18:06:47+00:00","breadcrumb":{"@id":"https:\/\/www.dmt.agency\/smart-video-production\/#breadcrumb"},"inLanguage":"es","potentialAction":[{"@type":"ReadAction","target":["https:\/\/www.dmt.agency\/smart-video-production\/"]}]},{"@type":"BreadcrumbList","@id":"https:\/\/www.dmt.agency\/smart-video-production\/#breadcrumb","itemListElement":[{"@type":"ListItem","position":1,"name":"Home","item":"https:\/\/www.dmt.agency\/"},{"@type":"ListItem","position":2,"name":"Smart Video Production"}]},{"@type":"WebSite","@id":"https:\/\/www.dmt.agency\/#website","url":"https:\/\/www.dmt.agency\/","name":"Digital Magnet Team","description":"","publisher":{"@id":"https:\/\/www.dmt.agency\/#organization"},"potentialAction":[{"@type":"SearchAction","target":{"@type":"EntryPoint","urlTemplate":"https:\/\/www.dmt.agency\/?s={search_term_string}"},"query-input":"required name=search_term_string"}],"inLanguage":"es"},{"@type":"Organization","@id":"https:\/\/www.dmt.agency\/#organization","name":"Digital Magnet Team","url":"https:\/\/www.dmt.agency\/","logo":{"@type":"ImageObject","inLanguage":"es","@id":"https:\/\/www.dmt.agency\/#\/schema\/logo\/image\/","url":"https:\/\/www.dmt.agency\/wp-content\/uploads\/2020\/05\/cropped-DMT-2020-1.jpg","contentUrl":"https:\/\/www.dmt.agency\/wp-content\/uploads\/2020\/05\/cropped-DMT-2020-1.jpg","width":500,"height":312,"caption":"Digital Magnet Team"},"image":{"@id":"https:\/\/www.dmt.agency\/#\/schema\/logo\/image\/"}}]}},"_links":{"self":[{"href":"https:\/\/www.dmt.agency\/es\/wp-json\/wp\/v2\/pages\/180"}],"collection":[{"href":"https:\/\/www.dmt.agency\/es\/wp-json\/wp\/v2\/pages"}],"about":[{"href":"https:\/\/www.dmt.agency\/es\/wp-json\/wp\/v2\/types\/page"}],"author":[{"embeddable":true,"href":"https:\/\/www.dmt.agency\/es\/wp-json\/wp\/v2\/users\/1"}],"replies":[{"embeddable":true,"href":"https:\/\/www.dmt.agency\/es\/wp-json\/wp\/v2\/comments?post=180"}],"version-history":[{"count":2,"href":"https:\/\/www.dmt.agency\/es\/wp-json\/wp\/v2\/pages\/180\/revisions"}],"predecessor-version":[{"id":1293,"href":"https:\/\/www.dmt.agency\/es\/wp-json\/wp\/v2\/pages\/180\/revisions\/1293"}],"wp:attachment":[{"href":"https:\/\/www.dmt.agency\/es\/wp-json\/wp\/v2\/media?parent=180"}],"curies":[{"name":"wp","href":"https:\/\/api.w.org\/{rel}","templated":true}]}}