{"id":174,"date":"2020-06-13T17:36:00","date_gmt":"2020-06-13T17:36:00","guid":{"rendered":"https:\/\/www.dmt.agency\/?page_id=174"},"modified":"2023-07-21T16:49:39","modified_gmt":"2023-07-21T16:49:39","slug":"sem","status":"publish","type":"page","link":"https:\/\/www.dmt.agency\/es\/sem\/","title":{"rendered":"SEM \u2013 Reach more potential customers!"},"content":{"rendered":"<p><\/p>\n\n\n\n<div class=\"wp-block-columns are-vertically-aligned-center is-layout-flex wp-container-3\">\n<div class=\"wp-block-column is-vertically-aligned-center is-layout-flow\">\n<h1 class=\"wp-block-heading\"><strong>SEM: llegue a m\u00e1s clientes potenciales con la agencia DMT<\/strong><\/h1>\n\n\n\n<p>\u00bfEst\u00e1 buscando expandir su alcance en l\u00ednea y conectarse con clientes potenciales que buscan activamente productos o servicios como los suyos? Los servicios expertos en marketing de motores de b\u00fasqueda (SEM) de DMT Agency est\u00e1n dise\u00f1ados para ayudarlo a lograr precisamente eso. Con nuestras campa\u00f1as estrat\u00e9gicas de SEM, generaremos tr\u00e1fico dirigido a su sitio web, maximizaremos las conversiones y brindaremos resultados medibles.<\/p>\n<\/div>\n\n\n\n<div class=\"wp-block-column is-vertically-aligned-center is-layout-flow\">\n<figure class=\"wp-block-image size-full\"><img decoding=\"async\" loading=\"lazy\" width=\"600\" height=\"600\" src=\"https:\/\/www.dmt.agency\/wp-content\/uploads\/2020\/05\/iconos-DMT-7.jpg\" alt=\"\" class=\"wp-image-40\" srcset=\"https:\/\/www.dmt.agency\/wp-content\/uploads\/2020\/05\/iconos-DMT-7.jpg 600w, https:\/\/www.dmt.agency\/wp-content\/uploads\/2020\/05\/iconos-DMT-7-300x300.jpg 300w, https:\/\/www.dmt.agency\/wp-content\/uploads\/2020\/05\/iconos-DMT-7-100x100.jpg 100w, https:\/\/www.dmt.agency\/wp-content\/uploads\/2020\/05\/iconos-DMT-7-150x150.jpg 150w\" sizes=\"(max-width: 600px) 100vw, 600px\" \/><\/figure>\n<\/div>\n<\/div>\n\n\n\n<div class=\"wp-block-columns are-vertically-aligned-center is-layout-flex wp-container-6\">\n<div class=\"wp-block-column is-vertically-aligned-center is-layout-flow\">\n<figure class=\"wp-block-image size-full\"><img decoding=\"async\" loading=\"lazy\" width=\"728\" height=\"485\" src=\"https:\/\/www.dmt.agency\/wp-content\/uploads\/2023\/07\/digital-marketing-emarketing-the-positioning-of-the-seo-preview.jpg\" alt=\"SEM Search Engine Marketing\" class=\"wp-image-1290\" srcset=\"https:\/\/www.dmt.agency\/wp-content\/uploads\/2023\/07\/digital-marketing-emarketing-the-positioning-of-the-seo-preview.jpg 728w, https:\/\/www.dmt.agency\/wp-content\/uploads\/2023\/07\/digital-marketing-emarketing-the-positioning-of-the-seo-preview-300x200.jpg 300w, https:\/\/www.dmt.agency\/wp-content\/uploads\/2023\/07\/digital-marketing-emarketing-the-positioning-of-the-seo-preview-600x400.jpg 600w\" sizes=\"(max-width: 728px) 100vw, 728px\" \/><\/figure>\n<\/div>\n\n\n\n<div class=\"wp-block-column is-vertically-aligned-center is-layout-flow\">\n<h2 class=\"wp-block-heading\"><strong>\u00bfQu\u00e9 es SEM y por qu\u00e9 es importante?<\/strong><\/h2>\n\n\n\n<p>SEM, o Search Engine Marketing, es una poderosa estrategia de publicidad digital que consiste en promocionar su sitio web a trav\u00e9s de publicidad paga en motores de b\u00fasqueda como Google, Bing y Yahoo. A diferencia de la publicidad tradicional, SEM le permite dirigirse a usuarios que buscan activamente palabras clave relacionadas con su negocio. Al mostrar sus anuncios en el momento adecuado, puede aumentar significativamente las posibilidades de atraer clientes potenciales y generar conversiones.<\/p>\n<\/div>\n<\/div>\n\n\n\n<div class=\"wp-block-columns is-layout-flex wp-container-9\">\n<div class=\"wp-block-column is-layout-flow\">\n<p><strong>\u00bfPor qu\u00e9 elegir la agencia DMT para sus campa\u00f1as SEM?<\/strong><\/p>\n\n\n\n<p>A los expertos en SEM de DMT Agency les apasiona crear campa\u00f1as orientadas a resultados que se alineen con sus objetivos comerciales y brinden un alto retorno de la inversi\u00f3n (ROI). Cuando se asocie con nosotros, se beneficiar\u00e1 de:<\/p>\n\n\n\n<p><strong>1. Investigaci\u00f3n de palabras clave espec\u00edficas:<\/strong> Nuestro experimentado equipo realiza una extensa investigaci\u00f3n de palabras clave para identificar las palabras clave m\u00e1s relevantes y efectivas para sus anuncios. Al centrarnos en las palabras clave adecuadas, nos aseguramos de que sus anuncios lleguen al p\u00fablico adecuado.<\/p>\n\n\n\n<p><strong>2. Texto atractivo del anuncio:<\/strong> Creamos copias de anuncios atractivas que no solo captan la atenci\u00f3n de los usuarios, sino que tambi\u00e9n los alientan a hacer clic y explorar m\u00e1s sus ofertas.<\/p>\n\n\n\n<p><strong>3. Optimizaci\u00f3n de la p\u00e1gina de destino:<\/strong> Para maximizar las tasas de conversi\u00f3n, optimizamos sus p\u00e1ginas de destino, asegur\u00e1ndonos de que est\u00e9n alineadas con el mensaje de su anuncio y brinden una experiencia de usuario perfecta.<\/p>\n\n\n\n<p><strong>4. Campa\u00f1as personalizadas:<\/strong> Cada negocio es \u00fanico y nuestras estrategias SEM lo reflejan. Adaptamos las campa\u00f1as para que se ajusten a sus objetivos, presupuesto y p\u00fablico objetivo espec\u00edficos.<\/p>\n\n\n\n<p><strong>5. Gesti\u00f3n de ofertas:<\/strong> Nuestro equipo supervisa y ajusta continuamente las estrategias de oferta para optimizar el rendimiento de su campa\u00f1a y lograr los mejores resultados posibles dentro de su presupuesto.<\/p>\n\n\n\n<p><strong>6. Seguimiento e informes de rendimiento:<\/strong> Creemos en las decisiones basadas en datos. Recibir\u00e1 informes completos sobre m\u00e9tricas de rendimiento clave, lo que le permitir\u00e1 medir el \u00e9xito de sus campa\u00f1as SEM.<\/p>\n\n\n\n<p><strong>7. Campa\u00f1as de remarketing:<\/strong> Empleamos t\u00e9cnicas avanzadas de remarketing para volver a atraer a los clientes potenciales que han visitado previamente su sitio web, manteniendo su marca en primer plano en sus mentes.<\/p>\n\n\n\n<p><strong>8. Utilizaci\u00f3n de extensiones de anuncios:<\/strong> Aprovechamos las extensiones de anuncios para proporcionar informaci\u00f3n adicional y aumentar la visibilidad de sus anuncios, mejorando su eficacia.<\/p>\n<\/div>\n\n\n\n<div class=\"wp-block-column is-vertically-aligned-center is-layout-flow\">\n<figure class=\"wp-block-image size-full\"><img decoding=\"async\" loading=\"lazy\" width=\"600\" height=\"600\" src=\"https:\/\/www.dmt.agency\/wp-content\/uploads\/2020\/07\/GOOGLE-ADS-SET-UP-ICON.jpg\" alt=\"GOOGLE ADS SET UP ICON\" class=\"wp-image-515\" srcset=\"https:\/\/www.dmt.agency\/wp-content\/uploads\/2020\/07\/GOOGLE-ADS-SET-UP-ICON.jpg 600w, https:\/\/www.dmt.agency\/wp-content\/uploads\/2020\/07\/GOOGLE-ADS-SET-UP-ICON-300x300.jpg 300w, https:\/\/www.dmt.agency\/wp-content\/uploads\/2020\/07\/GOOGLE-ADS-SET-UP-ICON-100x100.jpg 100w, https:\/\/www.dmt.agency\/wp-content\/uploads\/2020\/07\/GOOGLE-ADS-SET-UP-ICON-150x150.jpg 150w, https:\/\/www.dmt.agency\/wp-content\/uploads\/2020\/07\/GOOGLE-ADS-SET-UP-ICON-320x320.jpg 320w, https:\/\/www.dmt.agency\/wp-content\/uploads\/2020\/07\/GOOGLE-ADS-SET-UP-ICON-360x360.jpg 360w\" sizes=\"(max-width: 600px) 100vw, 600px\" \/><\/figure>\n\n\n\n<figure class=\"wp-block-image size-full\"><img decoding=\"async\" loading=\"lazy\" width=\"285\" height=\"177\" src=\"https:\/\/www.dmt.agency\/wp-content\/uploads\/2023\/07\/images.png\" alt=\"facebook meta ads\" class=\"wp-image-1291\"\/><\/figure>\n<\/div>\n<\/div>\n\n\n\n<div class=\"wp-block-columns is-layout-flex wp-container-12\">\n<div class=\"wp-block-column is-layout-flow\">\n<figure class=\"wp-block-image size-full\"><img decoding=\"async\" loading=\"lazy\" width=\"728\" height=\"485\" src=\"https:\/\/www.dmt.agency\/wp-content\/uploads\/2023\/07\/digital-marketing-emarketing-the-positioning-of-the-seo-preview.jpg\" alt=\"SEM Search Engine Marketing\" class=\"wp-image-1290\" srcset=\"https:\/\/www.dmt.agency\/wp-content\/uploads\/2023\/07\/digital-marketing-emarketing-the-positioning-of-the-seo-preview.jpg 728w, https:\/\/www.dmt.agency\/wp-content\/uploads\/2023\/07\/digital-marketing-emarketing-the-positioning-of-the-seo-preview-300x200.jpg 300w, https:\/\/www.dmt.agency\/wp-content\/uploads\/2023\/07\/digital-marketing-emarketing-the-positioning-of-the-seo-preview-600x400.jpg 600w\" sizes=\"(max-width: 728px) 100vw, 728px\" \/><\/figure>\n<\/div>\n\n\n\n<div class=\"wp-block-column is-layout-flow\">\n<p><strong>Alcance sus objetivos comerciales con los servicios SEM de la agencia DMT<\/strong><\/p>\n\n\n\n<p>Con la experiencia en SEM de DMT Agency, puede llegar a su p\u00fablico objetivo en el momento adecuado y en el lugar adecuado, generando tr\u00e1fico valioso a su sitio web y convirtiendo a los clientes potenciales en clientes leales. Nuestro equipo est\u00e1 comprometido a ayudarlo a lograr resultados medibles y optimizar su presupuesto publicitario para obtener el mejor retorno de la inversi\u00f3n.<\/p>\n\n\n\n<p>Aproveche el inmenso potencial de SEM para acelerar el crecimiento de su negocio y superar a sus competidores. \u00a1Cont\u00e1ctenos hoy y emprendamos un viaje para llegar a m\u00e1s clientes potenciales y alcanzar nuevas alturas en sus esfuerzos de marketing digital con nuestros servicios SEM de primer nivel!<\/p>\n<\/div>\n<\/div>\n\n\n\n<p><\/p>","protected":false},"excerpt":{"rendered":"<p>SEM \u2013 Reach More Potential Customers with DMT Agency Are you looking to expand your online reach and connect with potential customers actively searching for products or services like yours? DMT Agency&#8217;s expert Search Engine Marketing (SEM) services are designed to help you achieve precisely that. With our strategic SEM campaigns, we&#8217;ll drive targeted traffic [&hellip;]<\/p>\n","protected":false},"author":1,"featured_media":0,"parent":0,"menu_order":0,"comment_status":"closed","ping_status":"closed","template":"","meta":{"site-sidebar-layout":"default","site-content-layout":"","ast-site-content-layout":"default","site-content-style":"default","site-sidebar-style":"default","ast-global-header-display":"","ast-banner-title-visibility":"","ast-main-header-display":"","ast-hfb-above-header-display":"","ast-hfb-below-header-display":"","ast-hfb-mobile-header-display":"","site-post-title":"disabled","ast-breadcrumbs-content":"","ast-featured-img":"","footer-sml-layout":"","ast-disable-related-posts":"","theme-transparent-header-meta":"","adv-header-id-meta":"","stick-header-meta":"","header-above-stick-meta":"","header-main-stick-meta":"","header-below-stick-meta":"","astra-migrate-meta-layouts":"default","ast-page-background-enabled":"default","ast-page-background-meta":{"desktop":{"background-color":"","background-image":"","background-repeat":"repeat","background-position":"center center","background-size":"auto","background-attachment":"scroll","background-type":"","background-media":"","overlay-type":"","overlay-color":"","overlay-opacity":"","overlay-gradient":""},"tablet":{"background-color":"","background-image":"","background-repeat":"repeat","background-position":"center center","background-size":"auto","background-attachment":"scroll","background-type":"","background-media":"","overlay-type":"","overlay-color":"","overlay-opacity":"","overlay-gradient":""},"mobile":{"background-color":"","background-image":"","background-repeat":"repeat","background-position":"center center","background-size":"auto","background-attachment":"scroll","background-type":"","background-media":"","overlay-type":"","overlay-color":"","overlay-opacity":"","overlay-gradient":""}},"ast-content-background-meta":{"desktop":{"background-color":"var(--ast-global-color-5)","background-image":"","background-repeat":"repeat","background-position":"center center","background-size":"auto","background-attachment":"scroll","background-type":"","background-media":"","overlay-type":"","overlay-color":"","overlay-opacity":"","overlay-gradient":""},"tablet":{"background-color":"var(--ast-global-color-5)","background-image":"","background-repeat":"repeat","background-position":"center center","background-size":"auto","background-attachment":"scroll","background-type":"","background-media":"","overlay-type":"","overlay-color":"","overlay-opacity":"","overlay-gradient":""},"mobile":{"background-color":"var(--ast-global-color-5)","background-image":"","background-repeat":"repeat","background-position":"center center","background-size":"auto","background-attachment":"scroll","background-type":"","background-media":"","overlay-type":"","overlay-color":"","overlay-opacity":"","overlay-gradient":""}}},"yoast_head":"<!-- This site is optimized with the Yoast SEO plugin v21.7 - https:\/\/yoast.com\/wordpress\/plugins\/seo\/ -->\n<title>SEM \u2013 Reach more potential customers! - Digital Magnet Team<\/title>\n<meta name=\"robots\" content=\"index, follow, max-snippet:-1, max-image-preview:large, max-video-preview:-1\" \/>\n<link rel=\"canonical\" href=\"https:\/\/www.dmt.agency\/es\/sem\/\" \/>\n<meta property=\"og:locale\" content=\"es_ES\" \/>\n<meta property=\"og:type\" content=\"article\" \/>\n<meta property=\"og:title\" content=\"SEM \u2013 Reach more potential customers! - Digital Magnet Team\" \/>\n<meta property=\"og:description\" content=\"SEM \u2013 Reach More Potential Customers with DMT Agency Are you looking to expand your online reach and connect with potential customers actively searching for products or services like yours? DMT Agency&#8217;s expert Search Engine Marketing (SEM) services are designed to help you achieve precisely that. With our strategic SEM campaigns, we&#8217;ll drive targeted traffic [&hellip;]\" \/>\n<meta property=\"og:url\" content=\"https:\/\/www.dmt.agency\/es\/sem\/\" \/>\n<meta property=\"og:site_name\" content=\"Digital Magnet Team\" \/>\n<meta property=\"article:modified_time\" content=\"2023-07-21T16:49:39+00:00\" \/>\n<meta property=\"og:image\" content=\"https:\/\/www.dmt.agency\/wp-content\/uploads\/2020\/05\/iconos-DMT-7.jpg\" \/>\n<meta name=\"twitter:card\" content=\"summary_large_image\" \/>\n<meta name=\"twitter:label1\" content=\"Tiempo de lectura\" \/>\n\t<meta name=\"twitter:data1\" content=\"4 minutos\" \/>\n<script type=\"application\/ld+json\" class=\"yoast-schema-graph\">{\"@context\":\"https:\/\/schema.org\",\"@graph\":[{\"@type\":\"WebPage\",\"@id\":\"https:\/\/www.dmt.agency\/sem\/\",\"url\":\"https:\/\/www.dmt.agency\/sem\/\",\"name\":\"SEM \u2013 Reach more potential customers! - Digital Magnet Team\",\"isPartOf\":{\"@id\":\"https:\/\/www.dmt.agency\/#website\"},\"datePublished\":\"2020-06-13T17:36:00+00:00\",\"dateModified\":\"2023-07-21T16:49:39+00:00\",\"breadcrumb\":{\"@id\":\"https:\/\/www.dmt.agency\/sem\/#breadcrumb\"},\"inLanguage\":\"es\",\"potentialAction\":[{\"@type\":\"ReadAction\",\"target\":[\"https:\/\/www.dmt.agency\/sem\/\"]}]},{\"@type\":\"BreadcrumbList\",\"@id\":\"https:\/\/www.dmt.agency\/sem\/#breadcrumb\",\"itemListElement\":[{\"@type\":\"ListItem\",\"position\":1,\"name\":\"Home\",\"item\":\"https:\/\/www.dmt.agency\/\"},{\"@type\":\"ListItem\",\"position\":2,\"name\":\"SEM \u2013 Reach more potential customers!\"}]},{\"@type\":\"WebSite\",\"@id\":\"https:\/\/www.dmt.agency\/#website\",\"url\":\"https:\/\/www.dmt.agency\/\",\"name\":\"Digital Magnet Team\",\"description\":\"\",\"publisher\":{\"@id\":\"https:\/\/www.dmt.agency\/#organization\"},\"potentialAction\":[{\"@type\":\"SearchAction\",\"target\":{\"@type\":\"EntryPoint\",\"urlTemplate\":\"https:\/\/www.dmt.agency\/?s={search_term_string}\"},\"query-input\":\"required name=search_term_string\"}],\"inLanguage\":\"es\"},{\"@type\":\"Organization\",\"@id\":\"https:\/\/www.dmt.agency\/#organization\",\"name\":\"Digital Magnet Team\",\"url\":\"https:\/\/www.dmt.agency\/\",\"logo\":{\"@type\":\"ImageObject\",\"inLanguage\":\"es\",\"@id\":\"https:\/\/www.dmt.agency\/#\/schema\/logo\/image\/\",\"url\":\"https:\/\/www.dmt.agency\/wp-content\/uploads\/2020\/05\/cropped-DMT-2020-1.jpg\",\"contentUrl\":\"https:\/\/www.dmt.agency\/wp-content\/uploads\/2020\/05\/cropped-DMT-2020-1.jpg\",\"width\":500,\"height\":312,\"caption\":\"Digital Magnet Team\"},\"image\":{\"@id\":\"https:\/\/www.dmt.agency\/#\/schema\/logo\/image\/\"}}]}<\/script>\n<!-- \/ Yoast SEO plugin. -->","yoast_head_json":{"title":"SEM \u2013 Reach more potential customers! - Digital Magnet Team","robots":{"index":"index","follow":"follow","max-snippet":"max-snippet:-1","max-image-preview":"max-image-preview:large","max-video-preview":"max-video-preview:-1"},"canonical":"https:\/\/www.dmt.agency\/es\/sem\/","og_locale":"es_ES","og_type":"article","og_title":"SEM \u2013 Reach more potential customers! - Digital Magnet Team","og_description":"SEM \u2013 Reach More Potential Customers with DMT Agency Are you looking to expand your online reach and connect with potential customers actively searching for products or services like yours? DMT Agency&#8217;s expert Search Engine Marketing (SEM) services are designed to help you achieve precisely that. With our strategic SEM campaigns, we&#8217;ll drive targeted traffic [&hellip;]","og_url":"https:\/\/www.dmt.agency\/es\/sem\/","og_site_name":"Digital Magnet Team","article_modified_time":"2023-07-21T16:49:39+00:00","og_image":[{"url":"https:\/\/www.dmt.agency\/wp-content\/uploads\/2020\/05\/iconos-DMT-7.jpg"}],"twitter_card":"summary_large_image","twitter_misc":{"Tiempo de lectura":"4 minutos"},"schema":{"@context":"https:\/\/schema.org","@graph":[{"@type":"WebPage","@id":"https:\/\/www.dmt.agency\/sem\/","url":"https:\/\/www.dmt.agency\/sem\/","name":"SEM \u2013 Reach more potential customers! - Digital Magnet Team","isPartOf":{"@id":"https:\/\/www.dmt.agency\/#website"},"datePublished":"2020-06-13T17:36:00+00:00","dateModified":"2023-07-21T16:49:39+00:00","breadcrumb":{"@id":"https:\/\/www.dmt.agency\/sem\/#breadcrumb"},"inLanguage":"es","potentialAction":[{"@type":"ReadAction","target":["https:\/\/www.dmt.agency\/sem\/"]}]},{"@type":"BreadcrumbList","@id":"https:\/\/www.dmt.agency\/sem\/#breadcrumb","itemListElement":[{"@type":"ListItem","position":1,"name":"Home","item":"https:\/\/www.dmt.agency\/"},{"@type":"ListItem","position":2,"name":"SEM \u2013 Reach more potential customers!"}]},{"@type":"WebSite","@id":"https:\/\/www.dmt.agency\/#website","url":"https:\/\/www.dmt.agency\/","name":"Digital Magnet Team","description":"","publisher":{"@id":"https:\/\/www.dmt.agency\/#organization"},"potentialAction":[{"@type":"SearchAction","target":{"@type":"EntryPoint","urlTemplate":"https:\/\/www.dmt.agency\/?s={search_term_string}"},"query-input":"required name=search_term_string"}],"inLanguage":"es"},{"@type":"Organization","@id":"https:\/\/www.dmt.agency\/#organization","name":"Digital Magnet Team","url":"https:\/\/www.dmt.agency\/","logo":{"@type":"ImageObject","inLanguage":"es","@id":"https:\/\/www.dmt.agency\/#\/schema\/logo\/image\/","url":"https:\/\/www.dmt.agency\/wp-content\/uploads\/2020\/05\/cropped-DMT-2020-1.jpg","contentUrl":"https:\/\/www.dmt.agency\/wp-content\/uploads\/2020\/05\/cropped-DMT-2020-1.jpg","width":500,"height":312,"caption":"Digital Magnet Team"},"image":{"@id":"https:\/\/www.dmt.agency\/#\/schema\/logo\/image\/"}}]}},"_links":{"self":[{"href":"https:\/\/www.dmt.agency\/es\/wp-json\/wp\/v2\/pages\/174"}],"collection":[{"href":"https:\/\/www.dmt.agency\/es\/wp-json\/wp\/v2\/pages"}],"about":[{"href":"https:\/\/www.dmt.agency\/es\/wp-json\/wp\/v2\/types\/page"}],"author":[{"embeddable":true,"href":"https:\/\/www.dmt.agency\/es\/wp-json\/wp\/v2\/users\/1"}],"replies":[{"embeddable":true,"href":"https:\/\/www.dmt.agency\/es\/wp-json\/wp\/v2\/comments?post=174"}],"version-history":[{"count":2,"href":"https:\/\/www.dmt.agency\/es\/wp-json\/wp\/v2\/pages\/174\/revisions"}],"predecessor-version":[{"id":1292,"href":"https:\/\/www.dmt.agency\/es\/wp-json\/wp\/v2\/pages\/174\/revisions\/1292"}],"wp:attachment":[{"href":"https:\/\/www.dmt.agency\/es\/wp-json\/wp\/v2\/media?parent=174"}],"curies":[{"name":"wp","href":"https:\/\/api.w.org\/{rel}","templated":true}]}}