{"id":173,"date":"2020-06-13T17:36:36","date_gmt":"2020-06-13T17:36:36","guid":{"rendered":"https:\/\/www.dmt.agency\/?page_id=173"},"modified":"2023-07-21T16:35:31","modified_gmt":"2023-07-21T16:35:31","slug":"seo","status":"publish","type":"page","link":"https:\/\/www.dmt.agency\/es\/seo\/","title":{"rendered":"SEO \u2013 \u00a1Mejora tu posicionamiento en Google!"},"content":{"rendered":"<div class=\"wp-block-columns are-vertically-aligned-center is-layout-flex wp-container-3\">\n<div class=\"wp-block-column is-vertically-aligned-center is-layout-flow\">\n<h1 class=\"wp-block-heading\">SEO \u2013 \u00a1Mejora tu posicionamiento en Google!<\/h1>\n\n\n\n<p>\u00bfEst\u00e1 buscando mejorar su presencia en l\u00ednea, generar m\u00e1s tr\u00e1fico org\u00e1nico y aumentar la visibilidad de su sitio web en Google? No busque m\u00e1s all\u00e1 de los servicios profesionales de optimizaci\u00f3n de motores de b\u00fasqueda (SEO) de DMT Agency. Nuestro equipo de expertos en SEO dedicados est\u00e1 aqu\u00ed para ayudar a que su negocio prospere en el panorama digital.<\/p>\n<\/div>\n\n\n\n<div class=\"wp-block-column is-vertically-aligned-center is-layout-flow\">\n<figure class=\"wp-block-image size-full\"><img decoding=\"async\" loading=\"lazy\" width=\"540\" height=\"304\" src=\"https:\/\/www.dmt.agency\/wp-content\/uploads\/2023\/07\/iconos-DMT-1-540x500-1-edited.jpg\" alt=\"\" class=\"wp-image-1283\" srcset=\"https:\/\/www.dmt.agency\/wp-content\/uploads\/2023\/07\/iconos-DMT-1-540x500-1-edited.jpg 540w, https:\/\/www.dmt.agency\/wp-content\/uploads\/2023\/07\/iconos-DMT-1-540x500-1-edited-300x169.jpg 300w\" sizes=\"(max-width: 540px) 100vw, 540px\" \/><\/figure>\n<\/div>\n<\/div>\n\n\n\n<div class=\"wp-block-columns are-vertically-aligned-center is-layout-flex wp-container-6\">\n<div class=\"wp-block-column is-vertically-aligned-center is-layout-flow\">\n<figure class=\"wp-block-image aligncenter size-medium\"><img decoding=\"async\" loading=\"lazy\" width=\"187\" height=\"300\" src=\"https:\/\/www.dmt.agency\/wp-content\/uploads\/2023\/07\/marketing-5106787_1280-187x300.png\" alt=\"conversion funnel\" class=\"wp-image-1282\" srcset=\"https:\/\/www.dmt.agency\/wp-content\/uploads\/2023\/07\/marketing-5106787_1280-187x300.png 187w, https:\/\/www.dmt.agency\/wp-content\/uploads\/2023\/07\/marketing-5106787_1280-638x1024.png 638w, https:\/\/www.dmt.agency\/wp-content\/uploads\/2023\/07\/marketing-5106787_1280-768x1233.png 768w, https:\/\/www.dmt.agency\/wp-content\/uploads\/2023\/07\/marketing-5106787_1280-600x964.png 600w, https:\/\/www.dmt.agency\/wp-content\/uploads\/2023\/07\/marketing-5106787_1280.png 797w\" sizes=\"(max-width: 187px) 100vw, 187px\" \/><\/figure>\n<\/div>\n\n\n\n<div class=\"wp-block-column is-vertically-aligned-center is-layout-flow\">\n<p><strong>\u00bfQu\u00e9 es SEO y por qu\u00e9 es importante?<\/strong><\/p>\n\n\n\n<p>SEO, u optimizaci\u00f3n de motores de b\u00fasqueda, es el proceso de optimizar su sitio web para obtener una clasificaci\u00f3n m\u00e1s alta en los resultados de los motores de b\u00fasqueda, particularmente en Google, el motor de b\u00fasqueda m\u00e1s utilizado del mundo. Se trata de una serie de t\u00e9cnicas estrat\u00e9gicas y mejores pr\u00e1cticas para mejorar la relevancia y autoridad de su sitio web, haci\u00e9ndolo m\u00e1s atractivo tanto para los usuarios como para los motores de b\u00fasqueda.<\/p>\n\n\n\n<p>Con millones de sitios web compitiendo por la atenci\u00f3n en Internet, el SEO se vuelve crucial para las empresas que buscan destacarse entre la multitud. Al invertir en SEO, puede:<\/p>\n\n\n\n<ol>\n<li><strong>Aumentar el tr\u00e1fico org\u00e1nico:<\/strong> Aparecer en la primera p\u00e1gina de los resultados de b\u00fasqueda significa que m\u00e1s clientes potenciales descubrir\u00e1n su sitio web cuando busquen productos o servicios relacionados con su negocio.<\/li>\n\n\n\n<li><strong>Aumentar las conversiones:<\/strong> Cuando su sitio web ocupa un lugar m\u00e1s alto, gana credibilidad y confianza, lo que genera mayores tasas de conversi\u00f3n y mayores ventas.<\/li>\n\n\n\n<li><strong>Construir autoridad de marca:<\/strong> Una fuerte presencia en l\u00ednea a trav\u00e9s de SEO establece su marca como una autoridad confiable de la industria, lo que lo ayuda a obtener una ventaja competitiva.<\/li>\n<\/ol>\n<\/div>\n<\/div>\n\n\n\n<div class=\"wp-block-columns is-layout-flex wp-container-9\">\n<div class=\"wp-block-column is-layout-flow\">\n<p><strong>\u00bfPor qu\u00e9 elegir la agencia DMT para sus necesidades de SEO?<\/strong><\/p>\n\n\n\n<p>En DMT Agency, adoptamos un enfoque hol\u00edstico del SEO, combinando estrategias de vanguardia con una meticulosa atenci\u00f3n a los detalles. Nuestro equipo de especialistas en SEO est\u00e1 bien versado en los \u00faltimos algoritmos de motores de b\u00fasqueda y las mejores pr\u00e1cticas, lo que garantiza que su sitio web logre resultados sostenibles y duraderos.<\/p>\n\n\n\n<p><strong>1. Estrategias a la medida:<\/strong> Entendemos que cada negocio es \u00fanico y, por lo tanto, elaboramos estrategias de SEO personalizadas para satisfacer sus objetivos espec\u00edficos y su p\u00fablico objetivo.<\/p>\n\n\n\n<p><strong>2. Investigaci\u00f3n de palabras clave:<\/strong> Identificar las palabras clave correctas es crucial para el \u00e9xito. Realizamos una investigaci\u00f3n exhaustiva de palabras clave para orientar palabras clave relevantes y de alto valor que atraer\u00e1n tr\u00e1fico calificado a su sitio.<\/p>\n\n\n\n<p><strong>3. Optimizaci\u00f3n en la p\u00e1gina:<\/strong> Nuestros expertos optimizan la estructura, el contenido, las metaetiquetas y otros elementos de la p\u00e1gina de su sitio web para garantizar que los motores de b\u00fasqueda puedan rastrear f\u00e1cilmente y comprender la relevancia de su sitio web.<\/p>\n\n\n\n<p><strong>4. Marketing de contenidos:<\/strong> El contenido atractivo e informativo es la piedra angular del SEO. Nuestro equipo de contenido desarrolla contenido de alta calidad compatible con SEO que resuena con su audiencia y atrae backlinks valiosos.<\/p>\n\n\n\n<p><strong>5. Construcci\u00f3n de enlaces:<\/strong> Construir una red de v\u00ednculos de retroceso de calidad desde sitios web autorizados es vital para el \u00e9xito de SEO. Empleamos t\u00e9cnicas de creaci\u00f3n de enlaces de sombrero blanco para fortalecer la autoridad de dominio de su sitio web.<\/p>\n\n\n\n<p><strong>6. SEO t\u00e9cnico:<\/strong> Nuestro equipo se ocupa de todos los aspectos t\u00e9cnicos del SEO, asegur\u00e1ndose de que su sitio web sea compatible con dispositivos m\u00f3viles, se cargue r\u00e1pidamente y no tenga problemas t\u00e9cnicos que puedan obstaculizar su rendimiento.<\/p>\n\n\n\n<p><strong>7. Informes transparentes:<\/strong> Creemos en la transparencia total. Recibir\u00e1 informes peri\u00f3dicos sobre el rendimiento de su sitio web y el impacto de nuestros esfuerzos de SEO.<\/p>\n<\/div>\n\n\n\n<div class=\"wp-block-column is-vertically-aligned-center is-layout-flow\">\n<figure class=\"wp-block-image aligncenter size-full is-resized\"><img decoding=\"async\" loading=\"lazy\" src=\"https:\/\/www.dmt.agency\/wp-content\/uploads\/2023\/07\/iconos-DMT-5-edited.jpg\" alt=\"\" class=\"wp-image-1285\" width=\"339\" height=\"602\" srcset=\"https:\/\/www.dmt.agency\/wp-content\/uploads\/2023\/07\/iconos-DMT-5-edited.jpg 339w, https:\/\/www.dmt.agency\/wp-content\/uploads\/2023\/07\/iconos-DMT-5-edited-169x300.jpg 169w\" sizes=\"(max-width: 339px) 100vw, 339px\" \/><\/figure>\n<\/div>\n<\/div>\n\n\n\n<div class=\"wp-block-columns is-layout-flex wp-container-12\">\n<div class=\"wp-block-column is-layout-flow\">\n<figure class=\"wp-block-image size-full\"><img decoding=\"async\" loading=\"lazy\" width=\"600\" height=\"338\" src=\"https:\/\/www.dmt.agency\/wp-content\/uploads\/2023\/07\/iconos-DMT-2-600x600-1-edited.jpg\" alt=\"e commerce website\" class=\"wp-image-1284\" srcset=\"https:\/\/www.dmt.agency\/wp-content\/uploads\/2023\/07\/iconos-DMT-2-600x600-1-edited.jpg 600w, https:\/\/www.dmt.agency\/wp-content\/uploads\/2023\/07\/iconos-DMT-2-600x600-1-edited-300x169.jpg 300w\" sizes=\"(max-width: 600px) 100vw, 600px\" \/><\/figure>\n<\/div>\n\n\n\n<div class=\"wp-block-column is-layout-flow\">\n<p><strong>Logre clasificaciones m\u00e1s altas e impulse el crecimiento con la agencia DMT<\/strong><\/p>\n\n\n\n<p>Invertir en los servicios de SEO de DMT Agency le permitir\u00e1 a su empresa lograr una mayor visibilidad en l\u00ednea, atraer clientes potenciales m\u00e1s calificados y ser testigo de un crecimiento sustancial. No permita que sus competidores tomen la delantera; As\u00f3ciese con nosotros para dominar los resultados de b\u00fasqueda y aprovechar todo el potencial de su presencia en l\u00ednea.<\/p>\n\n\n\n<p>Cont\u00e1ctenos hoy para comenzar su viaje hacia clasificaciones m\u00e1s altas, mayor tr\u00e1fico y \u00e9xito comercial con nuestros servicios profesionales de SEO. \u00a1Trabajemos juntos para mejorar su clasificaci\u00f3n en Google y hacer de su sitio web una potencia en su industria!<\/p>\n<\/div>\n<\/div>\n\n\n\n<p><\/p>","protected":false},"excerpt":{"rendered":"<p>SEO \u2013 Improve your Google Rankings! Are you looking to enhance your online presence, drive more organic traffic, and boost your website&#8217;s visibility on Google? Look no further than DMT Agency&#8217;s professional Search Engine Optimization (SEO) services. Our team of dedicated SEO experts is here to help your business thrive in the digital landscape. What [&hellip;]<\/p>\n","protected":false},"author":1,"featured_media":0,"parent":0,"menu_order":0,"comment_status":"closed","ping_status":"closed","template":"","meta":{"site-sidebar-layout":"default","site-content-layout":"","ast-site-content-layout":"default","site-content-style":"default","site-sidebar-style":"default","ast-global-header-display":"","ast-banner-title-visibility":"","ast-main-header-display":"","ast-hfb-above-header-display":"","ast-hfb-below-header-display":"","ast-hfb-mobile-header-display":"","site-post-title":"disabled","ast-breadcrumbs-content":"","ast-featured-img":"","footer-sml-layout":"","ast-disable-related-posts":"","theme-transparent-header-meta":"","adv-header-id-meta":"","stick-header-meta":"","header-above-stick-meta":"","header-main-stick-meta":"","header-below-stick-meta":"","astra-migrate-meta-layouts":"default","ast-page-background-enabled":"default","ast-page-background-meta":{"desktop":{"background-color":"","background-image":"","background-repeat":"repeat","background-position":"center center","background-size":"auto","background-attachment":"scroll","background-type":"","background-media":"","overlay-type":"","overlay-color":"","overlay-opacity":"","overlay-gradient":""},"tablet":{"background-color":"","background-image":"","background-repeat":"repeat","background-position":"center center","background-size":"auto","background-attachment":"scroll","background-type":"","background-media":"","overlay-type":"","overlay-color":"","overlay-opacity":"","overlay-gradient":""},"mobile":{"background-color":"","background-image":"","background-repeat":"repeat","background-position":"center center","background-size":"auto","background-attachment":"scroll","background-type":"","background-media":"","overlay-type":"","overlay-color":"","overlay-opacity":"","overlay-gradient":""}},"ast-content-background-meta":{"desktop":{"background-color":"var(--ast-global-color-5)","background-image":"","background-repeat":"repeat","background-position":"center center","background-size":"auto","background-attachment":"scroll","background-type":"","background-media":"","overlay-type":"","overlay-color":"","overlay-opacity":"","overlay-gradient":""},"tablet":{"background-color":"var(--ast-global-color-5)","background-image":"","background-repeat":"repeat","background-position":"center center","background-size":"auto","background-attachment":"scroll","background-type":"","background-media":"","overlay-type":"","overlay-color":"","overlay-opacity":"","overlay-gradient":""},"mobile":{"background-color":"var(--ast-global-color-5)","background-image":"","background-repeat":"repeat","background-position":"center center","background-size":"auto","background-attachment":"scroll","background-type":"","background-media":"","overlay-type":"","overlay-color":"","overlay-opacity":"","overlay-gradient":""}}},"yoast_head":"<!-- This site is optimized with the Yoast SEO plugin v21.7 - https:\/\/yoast.com\/wordpress\/plugins\/seo\/ -->\n<title>SEO \u2013 Improve your Google Rankings! - Digital Magnet Team<\/title>\n<meta name=\"robots\" content=\"index, follow, max-snippet:-1, max-image-preview:large, max-video-preview:-1\" \/>\n<link rel=\"canonical\" href=\"https:\/\/www.dmt.agency\/es\/seo\/\" \/>\n<meta property=\"og:locale\" content=\"es_ES\" \/>\n<meta property=\"og:type\" content=\"article\" \/>\n<meta property=\"og:title\" content=\"SEO \u2013 Improve your Google Rankings! - Digital Magnet Team\" \/>\n<meta property=\"og:description\" content=\"SEO \u2013 Improve your Google Rankings! Are you looking to enhance your online presence, drive more organic traffic, and boost your website&#8217;s visibility on Google? Look no further than DMT Agency&#8217;s professional Search Engine Optimization (SEO) services. Our team of dedicated SEO experts is here to help your business thrive in the digital landscape. What [&hellip;]\" \/>\n<meta property=\"og:url\" content=\"https:\/\/www.dmt.agency\/es\/seo\/\" \/>\n<meta property=\"og:site_name\" content=\"Digital Magnet Team\" \/>\n<meta property=\"article:modified_time\" content=\"2023-07-21T16:35:31+00:00\" \/>\n<meta property=\"og:image\" content=\"https:\/\/www.dmt.agency\/wp-content\/uploads\/2023\/07\/iconos-DMT-1-540x500-1-edited.jpg\" \/>\n<meta name=\"twitter:card\" content=\"summary_large_image\" \/>\n<meta name=\"twitter:label1\" content=\"Tiempo de lectura\" \/>\n\t<meta name=\"twitter:data1\" content=\"4 minutos\" \/>\n<script type=\"application\/ld+json\" class=\"yoast-schema-graph\">{\"@context\":\"https:\/\/schema.org\",\"@graph\":[{\"@type\":\"WebPage\",\"@id\":\"https:\/\/www.dmt.agency\/seo\/\",\"url\":\"https:\/\/www.dmt.agency\/seo\/\",\"name\":\"SEO \u2013 Improve your Google Rankings! - Digital Magnet Team\",\"isPartOf\":{\"@id\":\"https:\/\/www.dmt.agency\/#website\"},\"datePublished\":\"2020-06-13T17:36:36+00:00\",\"dateModified\":\"2023-07-21T16:35:31+00:00\",\"breadcrumb\":{\"@id\":\"https:\/\/www.dmt.agency\/seo\/#breadcrumb\"},\"inLanguage\":\"es\",\"potentialAction\":[{\"@type\":\"ReadAction\",\"target\":[\"https:\/\/www.dmt.agency\/seo\/\"]}]},{\"@type\":\"BreadcrumbList\",\"@id\":\"https:\/\/www.dmt.agency\/seo\/#breadcrumb\",\"itemListElement\":[{\"@type\":\"ListItem\",\"position\":1,\"name\":\"Home\",\"item\":\"https:\/\/www.dmt.agency\/\"},{\"@type\":\"ListItem\",\"position\":2,\"name\":\"SEO \u2013 Improve your Google Rankings!\"}]},{\"@type\":\"WebSite\",\"@id\":\"https:\/\/www.dmt.agency\/#website\",\"url\":\"https:\/\/www.dmt.agency\/\",\"name\":\"Digital Magnet Team\",\"description\":\"\",\"publisher\":{\"@id\":\"https:\/\/www.dmt.agency\/#organization\"},\"potentialAction\":[{\"@type\":\"SearchAction\",\"target\":{\"@type\":\"EntryPoint\",\"urlTemplate\":\"https:\/\/www.dmt.agency\/?s={search_term_string}\"},\"query-input\":\"required name=search_term_string\"}],\"inLanguage\":\"es\"},{\"@type\":\"Organization\",\"@id\":\"https:\/\/www.dmt.agency\/#organization\",\"name\":\"Digital Magnet Team\",\"url\":\"https:\/\/www.dmt.agency\/\",\"logo\":{\"@type\":\"ImageObject\",\"inLanguage\":\"es\",\"@id\":\"https:\/\/www.dmt.agency\/#\/schema\/logo\/image\/\",\"url\":\"https:\/\/www.dmt.agency\/wp-content\/uploads\/2020\/05\/cropped-DMT-2020-1.jpg\",\"contentUrl\":\"https:\/\/www.dmt.agency\/wp-content\/uploads\/2020\/05\/cropped-DMT-2020-1.jpg\",\"width\":500,\"height\":312,\"caption\":\"Digital Magnet Team\"},\"image\":{\"@id\":\"https:\/\/www.dmt.agency\/#\/schema\/logo\/image\/\"}}]}<\/script>\n<!-- \/ Yoast SEO plugin. -->","yoast_head_json":{"title":"SEO \u2013 Improve your Google Rankings! - Digital Magnet Team","robots":{"index":"index","follow":"follow","max-snippet":"max-snippet:-1","max-image-preview":"max-image-preview:large","max-video-preview":"max-video-preview:-1"},"canonical":"https:\/\/www.dmt.agency\/es\/seo\/","og_locale":"es_ES","og_type":"article","og_title":"SEO \u2013 Improve your Google Rankings! - Digital Magnet Team","og_description":"SEO \u2013 Improve your Google Rankings! Are you looking to enhance your online presence, drive more organic traffic, and boost your website&#8217;s visibility on Google? Look no further than DMT Agency&#8217;s professional Search Engine Optimization (SEO) services. Our team of dedicated SEO experts is here to help your business thrive in the digital landscape. What [&hellip;]","og_url":"https:\/\/www.dmt.agency\/es\/seo\/","og_site_name":"Digital Magnet Team","article_modified_time":"2023-07-21T16:35:31+00:00","og_image":[{"url":"https:\/\/www.dmt.agency\/wp-content\/uploads\/2023\/07\/iconos-DMT-1-540x500-1-edited.jpg"}],"twitter_card":"summary_large_image","twitter_misc":{"Tiempo de lectura":"4 minutos"},"schema":{"@context":"https:\/\/schema.org","@graph":[{"@type":"WebPage","@id":"https:\/\/www.dmt.agency\/seo\/","url":"https:\/\/www.dmt.agency\/seo\/","name":"SEO \u2013 Improve your Google Rankings! - Digital Magnet Team","isPartOf":{"@id":"https:\/\/www.dmt.agency\/#website"},"datePublished":"2020-06-13T17:36:36+00:00","dateModified":"2023-07-21T16:35:31+00:00","breadcrumb":{"@id":"https:\/\/www.dmt.agency\/seo\/#breadcrumb"},"inLanguage":"es","potentialAction":[{"@type":"ReadAction","target":["https:\/\/www.dmt.agency\/seo\/"]}]},{"@type":"BreadcrumbList","@id":"https:\/\/www.dmt.agency\/seo\/#breadcrumb","itemListElement":[{"@type":"ListItem","position":1,"name":"Home","item":"https:\/\/www.dmt.agency\/"},{"@type":"ListItem","position":2,"name":"SEO \u2013 Improve your Google Rankings!"}]},{"@type":"WebSite","@id":"https:\/\/www.dmt.agency\/#website","url":"https:\/\/www.dmt.agency\/","name":"Digital Magnet Team","description":"","publisher":{"@id":"https:\/\/www.dmt.agency\/#organization"},"potentialAction":[{"@type":"SearchAction","target":{"@type":"EntryPoint","urlTemplate":"https:\/\/www.dmt.agency\/?s={search_term_string}"},"query-input":"required name=search_term_string"}],"inLanguage":"es"},{"@type":"Organization","@id":"https:\/\/www.dmt.agency\/#organization","name":"Digital Magnet Team","url":"https:\/\/www.dmt.agency\/","logo":{"@type":"ImageObject","inLanguage":"es","@id":"https:\/\/www.dmt.agency\/#\/schema\/logo\/image\/","url":"https:\/\/www.dmt.agency\/wp-content\/uploads\/2020\/05\/cropped-DMT-2020-1.jpg","contentUrl":"https:\/\/www.dmt.agency\/wp-content\/uploads\/2020\/05\/cropped-DMT-2020-1.jpg","width":500,"height":312,"caption":"Digital Magnet Team"},"image":{"@id":"https:\/\/www.dmt.agency\/#\/schema\/logo\/image\/"}}]}},"_links":{"self":[{"href":"https:\/\/www.dmt.agency\/es\/wp-json\/wp\/v2\/pages\/173"}],"collection":[{"href":"https:\/\/www.dmt.agency\/es\/wp-json\/wp\/v2\/pages"}],"about":[{"href":"https:\/\/www.dmt.agency\/es\/wp-json\/wp\/v2\/types\/page"}],"author":[{"embeddable":true,"href":"https:\/\/www.dmt.agency\/es\/wp-json\/wp\/v2\/users\/1"}],"replies":[{"embeddable":true,"href":"https:\/\/www.dmt.agency\/es\/wp-json\/wp\/v2\/comments?post=173"}],"version-history":[{"count":2,"href":"https:\/\/www.dmt.agency\/es\/wp-json\/wp\/v2\/pages\/173\/revisions"}],"predecessor-version":[{"id":1286,"href":"https:\/\/www.dmt.agency\/es\/wp-json\/wp\/v2\/pages\/173\/revisions\/1286"}],"wp:attachment":[{"href":"https:\/\/www.dmt.agency\/es\/wp-json\/wp\/v2\/media?parent=173"}],"curies":[{"name":"wp","href":"https:\/\/api.w.org\/{rel}","templated":true}]}}